{"id":798,"date":"2023-10-28T15:48:12","date_gmt":"2023-10-28T15:48:12","guid":{"rendered":"https:\/\/wp.proja.sourcedemo.com\/?page_id=798"},"modified":"2025-03-03T06:51:42","modified_gmt":"2025-03-03T06:51:42","slug":"where-to-buy-ukraine","status":"publish","type":"page","link":"https:\/\/www.heinzelmannpro.com\/tr\/where-to-buy-ukraine\/","title":{"rendered":"Where-to-Buy-Ukraine"},"content":{"rendered":"<div data-elementor-type=\"wp-page\" data-elementor-id=\"798\" class=\"elementor elementor-798\" data-elementor-post-type=\"page\">\n\t\t\t\t<div class=\"elementor-element elementor-element-37f9aba2 e-flex e-con-boxed e-con e-parent\" data-id=\"37f9aba2\" data-element_type=\"container\" data-settings=\"{&quot;content_width&quot;:&quot;boxed&quot;}\" data-core-v316-plus=\"true\">\n\t\t\t\t\t<div class=\"e-con-inner\">\n\t\t\t\t<div class=\"elementor-element elementor-element-4c83e995 elementor-widget elementor-widget-heading\" data-id=\"4c83e995\" data-element_type=\"widget\" data-widget_type=\"heading.default\">\n\t\t\t\t<div class=\"elementor-widget-container\">\n\t\t\t<style>\/*! elementor - v3.19.0 - 26-02-2024 *\/\n.elementor-heading-title{padding:0;margin:0;line-height:1}.elementor-widget-heading .elementor-heading-title[class*=elementor-size-]>a{color:inherit;font-size:inherit;line-height:inherit}.elementor-widget-heading .elementor-heading-title.elementor-size-small{font-size:15px}.elementor-widget-heading .elementor-heading-title.elementor-size-medium{font-size:19px}.elementor-widget-heading .elementor-heading-title.elementor-size-large{font-size:29px}.elementor-widget-heading .elementor-heading-title.elementor-size-xl{font-size:39px}.elementor-widget-heading .elementor-heading-title.elementor-size-xxl{font-size:59px}<\/style><h2 class=\"elementor-heading-title elementor-size-default\">Nereden Al\u0131n\u0131r<\/h2>\t\t<\/div>\n\t\t\t\t<\/div>\n\t\t\t\t<div class=\"elementor-element elementor-element-78e6cb90 elementor-widget elementor-widget-heading\" data-id=\"78e6cb90\" data-element_type=\"widget\" data-widget_type=\"heading.default\">\n\t\t\t\t<div class=\"elementor-widget-container\">\n\t\t\t<h2 class=\"elementor-heading-title elementor-size-default\">Ukrayna<\/h2>\t\t<\/div>\n\t\t\t\t<\/div>\n\t\t\t\t<div class=\"elementor-element elementor-element-4890aabd elementor-align-center elementor-widget elementor-widget-button\" data-id=\"4890aabd\" data-element_type=\"widget\" data-widget_type=\"button.default\">\n\t\t\t\t<div class=\"elementor-widget-container\">\n\t\t\t\t\t<div class=\"elementor-button-wrapper\">\n\t\t\t<a class=\"elementor-button elementor-button-link elementor-size-sm\" href=\"https:\/\/www.heinzelmannpro.com\/where-to-buy\/\">\n\t\t\t\t\t\t<span class=\"elementor-button-content-wrapper\">\n\t\t\t\t\t\t<span class=\"elementor-button-text\">NEREDEN SATIN ALINIR\" SAYFASINA D\u00d6N<\/span>\n\t\t<\/span>\n\t\t\t\t\t<\/a>\n\t\t<\/div>\n\t\t\t\t<\/div>\n\t\t\t\t<\/div>\n\t\t\t\t\t<\/div>\n\t\t\t\t<\/div>\n\t\t<div class=\"elementor-element elementor-element-2da1f81c e-flex e-con-boxed e-con e-parent\" data-id=\"2da1f81c\" data-element_type=\"container\" data-settings=\"{&quot;content_width&quot;:&quot;boxed&quot;}\" data-core-v316-plus=\"true\">\n\t\t\t\t\t<div class=\"e-con-inner\">\n\t\t\t\t<div class=\"elementor-element elementor-element-442afd3c elementor-widget elementor-widget-image\" data-id=\"442afd3c\" data-element_type=\"widget\" data-widget_type=\"image.default\">\n\t\t\t\t<div class=\"elementor-widget-container\">\n\t\t\t<style>\/*! elementor - v3.19.0 - 26-02-2024 *\/\n.elementor-widget-image{text-align:center}.elementor-widget-image a{display:inline-block}.elementor-widget-image a img[src$=\".svg\"]{width:48px}.elementor-widget-image img{vertical-align:middle;display:inline-block}<\/style>\t\t\t\t\t\t\t\t\t\t<img decoding=\"async\" width=\"198\" height=\"57\" src=\"https:\/\/www.heinzelmannpro.com\/wp-content\/uploads\/2023\/10\/PL-MK-1.png\" class=\"attachment-large size-large wp-image-801\" alt=\"\" srcset=\"https:\/\/www.heinzelmannpro.com\/wp-content\/uploads\/2023\/10\/PL-MK-1.png 198w, https:\/\/www.heinzelmannpro.com\/wp-content\/uploads\/2023\/10\/PL-MK-1-18x5.png 18w\" sizes=\"(max-width: 198px) 100vw, 198px\" style=\"width:100%;height:28.79%;max-width:198px\" \/>\t\t\t\t\t\t\t\t\t\t\t\t\t<\/div>\n\t\t\t\t<\/div>\n\t\t\t\t<div class=\"elementor-element elementor-element-50499212 elementor-widget elementor-widget-heading\" data-id=\"50499212\" data-element_type=\"widget\" data-widget_type=\"heading.default\">\n\t\t\t\t<div class=\"elementor-widget-container\">\n\t\t\t<h2 class=\"elementor-heading-title elementor-size-default\">Pro Chef Marek K\u0142os, Ukraine\n<\/h2>\t\t<\/div>\n\t\t\t\t<\/div>\n\t\t\t\t<div class=\"elementor-element elementor-element-297aa4b5 elementor-widget elementor-widget-text-editor\" data-id=\"297aa4b5\" data-element_type=\"widget\" data-widget_type=\"text-editor.default\">\n\t\t\t\t<div class=\"elementor-widget-container\">\n\t\t\t<style>\/*! elementor - v3.19.0 - 26-02-2024 *\/\n.elementor-widget-text-editor.elementor-drop-cap-view-stacked .elementor-drop-cap{background-color:#69727d;color:#fff}.elementor-widget-text-editor.elementor-drop-cap-view-framed .elementor-drop-cap{color:#69727d;border:3px solid;background-color:transparent}.elementor-widget-text-editor:not(.elementor-drop-cap-view-default) .elementor-drop-cap{margin-top:8px}.elementor-widget-text-editor:not(.elementor-drop-cap-view-default) .elementor-drop-cap-letter{width:1em;height:1em}.elementor-widget-text-editor .elementor-drop-cap{float:left;text-align:center;line-height:1;font-size:50px}.elementor-widget-text-editor .elementor-drop-cap-letter{display:inline-block}<\/style>\t\t\t\t<ul><li>ul. F. Ja\u015bkowiaka 92,61-680 Pozna\u0144<\/li><li>T: +48 505 894 949<\/li><li>E: <a href=\"mailto:kontakt@prochef.pl\">kontakt@prochef.pl<\/a><\/li><li>W: <a href=\"https:\/\/prochef.pl\/\">https:\/\/prochef.pl\/<\/a> &amp; <a href=\"https:\/\/heinzelmann.pl\/\">https:\/\/heinzelmann.pl\/<\/a><\/li><\/ul>\t\t\t\t\t\t<\/div>\n\t\t\t\t<\/div>\n\t\t\t\t\t<\/div>\n\t\t\t\t<\/div>\n\t\t\t\t<\/div>","protected":false},"excerpt":{"rendered":"<p>Where to Buy Ukraine BACK TO &#8220;WHERE TO BUY&#8221; PAGE Pro Chef Marek K\u0142os, Ukraine ul. F. Ja\u015bkowiaka 92,61-680 Pozna\u0144 T: +48 505 894 949 E: kontakt@prochef.pl W: https:\/\/prochef.pl\/ &amp; https:\/\/heinzelmann.pl\/<\/p>","protected":false},"author":1,"featured_media":0,"parent":0,"menu_order":0,"comment_status":"closed","ping_status":"closed","template":"elementor_header_footer","meta":{"nf_dc_page":"","om_disable_all_campaigns":false,"_monsterinsights_skip_tracking":false,"_monsterinsights_sitenote_active":false,"_monsterinsights_sitenote_note":"","_monsterinsights_sitenote_category":0,"_uf_show_specific_survey":0,"_uf_disable_surveys":false,"footnotes":""},"yoast_head":"<!-- This site is optimized with the Yoast SEO Premium plugin v21.9 (Yoast SEO v22.7) - https:\/\/yoast.com\/wordpress\/plugins\/seo\/ -->\n<title>Where-to-Buy-Ukraine - Heinzelmann<\/title>\n<meta name=\"robots\" content=\"index, follow, max-snippet:-1, max-image-preview:large, max-video-preview:-1\" \/>\n<link rel=\"canonical\" href=\"https:\/\/www.heinzelmannpro.com\/tr\/where-to-buy-ukraine\/\" \/>\n<meta property=\"og:locale\" content=\"tr_TR\" \/>\n<meta property=\"og:type\" content=\"article\" \/>\n<meta property=\"og:title\" content=\"Where-to-Buy-Ukraine\" \/>\n<meta property=\"og:description\" content=\"Where to Buy Ukraine BACK TO &#8220;WHERE TO BUY&#8221; PAGE Pro Chef Marek K\u0142os, Ukraine ul. F. Ja\u015bkowiaka 92,61-680 Pozna\u0144 T: +48 505 894 949 E: kontakt@prochef.pl W: https:\/\/prochef.pl\/ &amp; https:\/\/heinzelmann.pl\/\" \/>\n<meta property=\"og:url\" content=\"https:\/\/www.heinzelmannpro.com\/tr\/where-to-buy-ukraine\/\" \/>\n<meta property=\"og:site_name\" content=\"Heinzelmann\" \/>\n<meta property=\"article:publisher\" content=\"https:\/\/www.facebook.com\/heinzelmannpro\" \/>\n<meta property=\"article:modified_time\" content=\"2025-03-03T06:51:42+00:00\" \/>\n<meta property=\"og:image\" content=\"https:\/\/www.heinzelmannpro.com\/wp-content\/uploads\/2023\/10\/PL-MK-1.png\" \/>\n<meta name=\"twitter:card\" content=\"summary_large_image\" \/>\n<meta name=\"twitter:label1\" content=\"Tahmini okuma s\u00fcresi\" \/>\n\t<meta name=\"twitter:data1\" content=\"1 dakika\" \/>\n<script type=\"application\/ld+json\" class=\"yoast-schema-graph\">{\"@context\":\"https:\/\/schema.org\",\"@graph\":[{\"@type\":\"WebPage\",\"@id\":\"https:\/\/www.heinzelmannpro.com\/where-to-buy-ukraine\/\",\"url\":\"https:\/\/www.heinzelmannpro.com\/where-to-buy-ukraine\/\",\"name\":\"Where-to-Buy-Ukraine - Heinzelmann\",\"isPartOf\":{\"@id\":\"https:\/\/www.heinzelmannpro.com\/gr\/#website\"},\"primaryImageOfPage\":{\"@id\":\"https:\/\/www.heinzelmannpro.com\/where-to-buy-ukraine\/#primaryimage\"},\"image\":{\"@id\":\"https:\/\/www.heinzelmannpro.com\/where-to-buy-ukraine\/#primaryimage\"},\"thumbnailUrl\":\"https:\/\/www.heinzelmannpro.com\/wp-content\/uploads\/2023\/10\/PL-MK-1.png\",\"datePublished\":\"2023-10-28T15:48:12+00:00\",\"dateModified\":\"2025-03-03T06:51:42+00:00\",\"breadcrumb\":{\"@id\":\"https:\/\/www.heinzelmannpro.com\/where-to-buy-ukraine\/#breadcrumb\"},\"inLanguage\":\"tr\",\"potentialAction\":[{\"@type\":\"ReadAction\",\"target\":[\"https:\/\/www.heinzelmannpro.com\/where-to-buy-ukraine\/\"]}]},{\"@type\":\"ImageObject\",\"inLanguage\":\"tr\",\"@id\":\"https:\/\/www.heinzelmannpro.com\/where-to-buy-ukraine\/#primaryimage\",\"url\":\"https:\/\/www.heinzelmannpro.com\/wp-content\/uploads\/2023\/10\/PL-MK-1.png\",\"contentUrl\":\"https:\/\/www.heinzelmannpro.com\/wp-content\/uploads\/2023\/10\/PL-MK-1.png\"},{\"@type\":\"BreadcrumbList\",\"@id\":\"https:\/\/www.heinzelmannpro.com\/where-to-buy-ukraine\/#breadcrumb\",\"itemListElement\":[{\"@type\":\"ListItem\",\"position\":1,\"name\":\"Home\",\"item\":\"https:\/\/www.heinzelmannpro.com\/\"},{\"@type\":\"ListItem\",\"position\":2,\"name\":\"Where-to-Buy-Ukraine\"}]},{\"@type\":\"WebSite\",\"@id\":\"https:\/\/www.heinzelmannpro.com\/gr\/#website\",\"url\":\"https:\/\/www.heinzelmannpro.com\/gr\/\",\"name\":\"Heinzelmann\",\"description\":\"\",\"publisher\":{\"@id\":\"https:\/\/www.heinzelmannpro.com\/gr\/#organization\"},\"potentialAction\":[{\"@type\":\"SearchAction\",\"target\":{\"@type\":\"EntryPoint\",\"urlTemplate\":\"https:\/\/www.heinzelmannpro.com\/gr\/?s={search_term_string}\"},\"query-input\":\"required name=search_term_string\"}],\"inLanguage\":\"tr\"},{\"@type\":\"Organization\",\"@id\":\"https:\/\/www.heinzelmannpro.com\/gr\/#organization\",\"name\":\"Heinzelmann\",\"url\":\"https:\/\/www.heinzelmannpro.com\/gr\/\",\"logo\":{\"@type\":\"ImageObject\",\"inLanguage\":\"tr\",\"@id\":\"https:\/\/www.heinzelmannpro.com\/gr\/#\/schema\/logo\/image\/\",\"url\":\"https:\/\/www.heinzelmannpro.com\/wp-content\/uploads\/2023\/10\/HM-Logo3-white.svg\",\"contentUrl\":\"https:\/\/www.heinzelmannpro.com\/wp-content\/uploads\/2023\/10\/HM-Logo3-white.svg\",\"width\":300,\"height\":43,\"caption\":\"Heinzelmann\"},\"image\":{\"@id\":\"https:\/\/www.heinzelmannpro.com\/gr\/#\/schema\/logo\/image\/\"},\"sameAs\":[\"https:\/\/www.facebook.com\/heinzelmannpro\",\"https:\/\/www.instagram.com\/heinzelmann_pro\/\",\"https:\/\/hk.linkedin.com\/showcase\/heinzelmann-pro\/\",\"https:\/\/www.youtube.com\/@heinzelmannde8106\"]}]}<\/script>\n<!-- \/ Yoast SEO Premium plugin. -->","yoast_head_json":{"title":"Where-to-Buy-Ukraine - Heinzelmann","robots":{"index":"index","follow":"follow","max-snippet":"max-snippet:-1","max-image-preview":"max-image-preview:large","max-video-preview":"max-video-preview:-1"},"canonical":"https:\/\/www.heinzelmannpro.com\/tr\/where-to-buy-ukraine\/","og_locale":"tr_TR","og_type":"article","og_title":"Where-to-Buy-Ukraine","og_description":"Where to Buy Ukraine BACK TO &#8220;WHERE TO BUY&#8221; PAGE Pro Chef Marek K\u0142os, Ukraine ul. F. Ja\u015bkowiaka 92,61-680 Pozna\u0144 T: +48 505 894 949 E: kontakt@prochef.pl W: https:\/\/prochef.pl\/ &amp; https:\/\/heinzelmann.pl\/","og_url":"https:\/\/www.heinzelmannpro.com\/tr\/where-to-buy-ukraine\/","og_site_name":"Heinzelmann","article_publisher":"https:\/\/www.facebook.com\/heinzelmannpro","article_modified_time":"2025-03-03T06:51:42+00:00","og_image":[{"url":"https:\/\/www.heinzelmannpro.com\/wp-content\/uploads\/2023\/10\/PL-MK-1.png"}],"twitter_card":"summary_large_image","twitter_misc":{"Tahmini okuma s\u00fcresi":"1 dakika"},"schema":{"@context":"https:\/\/schema.org","@graph":[{"@type":"WebPage","@id":"https:\/\/www.heinzelmannpro.com\/where-to-buy-ukraine\/","url":"https:\/\/www.heinzelmannpro.com\/where-to-buy-ukraine\/","name":"Where-to-Buy-Ukraine - Heinzelmann","isPartOf":{"@id":"https:\/\/www.heinzelmannpro.com\/gr\/#website"},"primaryImageOfPage":{"@id":"https:\/\/www.heinzelmannpro.com\/where-to-buy-ukraine\/#primaryimage"},"image":{"@id":"https:\/\/www.heinzelmannpro.com\/where-to-buy-ukraine\/#primaryimage"},"thumbnailUrl":"https:\/\/www.heinzelmannpro.com\/wp-content\/uploads\/2023\/10\/PL-MK-1.png","datePublished":"2023-10-28T15:48:12+00:00","dateModified":"2025-03-03T06:51:42+00:00","breadcrumb":{"@id":"https:\/\/www.heinzelmannpro.com\/where-to-buy-ukraine\/#breadcrumb"},"inLanguage":"tr","potentialAction":[{"@type":"ReadAction","target":["https:\/\/www.heinzelmannpro.com\/where-to-buy-ukraine\/"]}]},{"@type":"ImageObject","inLanguage":"tr","@id":"https:\/\/www.heinzelmannpro.com\/where-to-buy-ukraine\/#primaryimage","url":"https:\/\/www.heinzelmannpro.com\/wp-content\/uploads\/2023\/10\/PL-MK-1.png","contentUrl":"https:\/\/www.heinzelmannpro.com\/wp-content\/uploads\/2023\/10\/PL-MK-1.png"},{"@type":"BreadcrumbList","@id":"https:\/\/www.heinzelmannpro.com\/where-to-buy-ukraine\/#breadcrumb","itemListElement":[{"@type":"ListItem","position":1,"name":"Home","item":"https:\/\/www.heinzelmannpro.com\/"},{"@type":"ListItem","position":2,"name":"Where-to-Buy-Ukraine"}]},{"@type":"WebSite","@id":"https:\/\/www.heinzelmannpro.com\/gr\/#website","url":"https:\/\/www.heinzelmannpro.com\/gr\/","name":"Heinzelmann","description":"","publisher":{"@id":"https:\/\/www.heinzelmannpro.com\/gr\/#organization"},"potentialAction":[{"@type":"SearchAction","target":{"@type":"EntryPoint","urlTemplate":"https:\/\/www.heinzelmannpro.com\/gr\/?s={search_term_string}"},"query-input":"required name=search_term_string"}],"inLanguage":"tr"},{"@type":"Organization","@id":"https:\/\/www.heinzelmannpro.com\/gr\/#organization","name":"Heinzelmann","url":"https:\/\/www.heinzelmannpro.com\/gr\/","logo":{"@type":"ImageObject","inLanguage":"tr","@id":"https:\/\/www.heinzelmannpro.com\/gr\/#\/schema\/logo\/image\/","url":"https:\/\/www.heinzelmannpro.com\/wp-content\/uploads\/2023\/10\/HM-Logo3-white.svg","contentUrl":"https:\/\/www.heinzelmannpro.com\/wp-content\/uploads\/2023\/10\/HM-Logo3-white.svg","width":300,"height":43,"caption":"Heinzelmann"},"image":{"@id":"https:\/\/www.heinzelmannpro.com\/gr\/#\/schema\/logo\/image\/"},"sameAs":["https:\/\/www.facebook.com\/heinzelmannpro","https:\/\/www.instagram.com\/heinzelmann_pro\/","https:\/\/hk.linkedin.com\/showcase\/heinzelmann-pro\/","https:\/\/www.youtube.com\/@heinzelmannde8106"]}]}},"_links":{"self":[{"href":"https:\/\/www.heinzelmannpro.com\/tr\/wp-json\/wp\/v2\/pages\/798"}],"collection":[{"href":"https:\/\/www.heinzelmannpro.com\/tr\/wp-json\/wp\/v2\/pages"}],"about":[{"href":"https:\/\/www.heinzelmannpro.com\/tr\/wp-json\/wp\/v2\/types\/page"}],"author":[{"embeddable":true,"href":"https:\/\/www.heinzelmannpro.com\/tr\/wp-json\/wp\/v2\/users\/1"}],"replies":[{"embeddable":true,"href":"https:\/\/www.heinzelmannpro.com\/tr\/wp-json\/wp\/v2\/comments?post=798"}],"version-history":[{"count":5,"href":"https:\/\/www.heinzelmannpro.com\/tr\/wp-json\/wp\/v2\/pages\/798\/revisions"}],"predecessor-version":[{"id":10000,"href":"https:\/\/www.heinzelmannpro.com\/tr\/wp-json\/wp\/v2\/pages\/798\/revisions\/10000"}],"wp:attachment":[{"href":"https:\/\/www.heinzelmannpro.com\/tr\/wp-json\/wp\/v2\/media?parent=798"}],"curies":[{"name":"wp","href":"https:\/\/api.w.org\/{rel}","templated":true}]}}