{"id":674,"date":"2023-10-27T16:38:34","date_gmt":"2023-10-27T16:38:34","guid":{"rendered":"https:\/\/wp.proja.sourcedemo.com\/?page_id=674"},"modified":"2026-02-20T15:15:19","modified_gmt":"2026-02-20T15:15:19","slug":"where-to-buy-czech-republic","status":"publish","type":"page","link":"https:\/\/www.heinzelmannpro.com\/nl\/where-to-buy-czech-republic\/","title":{"rendered":"Where-to-Buy-Czech Republic"},"content":{"rendered":"<div data-elementor-type=\"wp-page\" data-elementor-id=\"674\" class=\"elementor elementor-674\" data-elementor-post-type=\"page\">\n\t\t\t\t<div class=\"elementor-element elementor-element-41759e3 e-flex e-con-boxed e-con e-parent\" data-id=\"41759e3\" data-element_type=\"container\" data-settings=\"{&quot;content_width&quot;:&quot;boxed&quot;}\" data-core-v316-plus=\"true\">\n\t\t\t\t\t<div class=\"e-con-inner\">\n\t\t\t\t<div class=\"elementor-element elementor-element-3075052c elementor-widget elementor-widget-heading\" data-id=\"3075052c\" data-element_type=\"widget\" data-widget_type=\"heading.default\">\n\t\t\t\t<div class=\"elementor-widget-container\">\n\t\t\t<style>\/*! elementor - v3.19.0 - 26-02-2024 *\/\n.elementor-heading-title{padding:0;margin:0;line-height:1}.elementor-widget-heading .elementor-heading-title[class*=elementor-size-]>a{color:inherit;font-size:inherit;line-height:inherit}.elementor-widget-heading .elementor-heading-title.elementor-size-small{font-size:15px}.elementor-widget-heading .elementor-heading-title.elementor-size-medium{font-size:19px}.elementor-widget-heading .elementor-heading-title.elementor-size-large{font-size:29px}.elementor-widget-heading .elementor-heading-title.elementor-size-xl{font-size:39px}.elementor-widget-heading .elementor-heading-title.elementor-size-xxl{font-size:59px}<\/style><h2 class=\"elementor-heading-title elementor-size-default\">Waar te koop?<\/h2>\t\t<\/div>\n\t\t\t\t<\/div>\n\t\t\t\t<div class=\"elementor-element elementor-element-3258ee37 elementor-widget elementor-widget-heading\" data-id=\"3258ee37\" data-element_type=\"widget\" data-widget_type=\"heading.default\">\n\t\t\t\t<div class=\"elementor-widget-container\">\n\t\t\t<h2 class=\"elementor-heading-title elementor-size-default\">Tsjechi\u00eb<\/h2>\t\t<\/div>\n\t\t\t\t<\/div>\n\t\t\t\t<div class=\"elementor-element elementor-element-3087d546 elementor-align-center elementor-widget elementor-widget-button\" data-id=\"3087d546\" data-element_type=\"widget\" data-widget_type=\"button.default\">\n\t\t\t\t<div class=\"elementor-widget-container\">\n\t\t\t\t\t<div class=\"elementor-button-wrapper\">\n\t\t\t<a class=\"elementor-button elementor-button-link elementor-size-sm\" href=\"https:\/\/www.heinzelmannpro.com\/where-to-buy\/\">\n\t\t\t\t\t\t<span class=\"elementor-button-content-wrapper\">\n\t\t\t\t\t\t<span class=\"elementor-button-text\">KEER TERUG NAAR DE DISTRIBUTEURS PAGINA<\/span>\n\t\t<\/span>\n\t\t\t\t\t<\/a>\n\t\t<\/div>\n\t\t\t\t<\/div>\n\t\t\t\t<\/div>\n\t\t\t\t\t<\/div>\n\t\t\t\t<\/div>\n\t\t<div class=\"elementor-element elementor-element-51348ae4 e-flex e-con-boxed e-con e-parent\" data-id=\"51348ae4\" data-element_type=\"container\" data-settings=\"{&quot;content_width&quot;:&quot;boxed&quot;}\" data-core-v316-plus=\"true\">\n\t\t\t\t\t<div class=\"e-con-inner\">\n\t\t\t\t<div class=\"elementor-element elementor-element-5f0ed248 elementor-widget elementor-widget-image\" data-id=\"5f0ed248\" data-element_type=\"widget\" data-widget_type=\"image.default\">\n\t\t\t\t<div class=\"elementor-widget-container\">\n\t\t\t<style>\/*! elementor - v3.19.0 - 26-02-2024 *\/\n.elementor-widget-image{text-align:center}.elementor-widget-image a{display:inline-block}.elementor-widget-image a img[src$=\".svg\"]{width:48px}.elementor-widget-image img{vertical-align:middle;display:inline-block}<\/style>\t\t\t\t\t\t\t\t\t\t<img decoding=\"async\" width=\"150\" height=\"55\" src=\"https:\/\/www.heinzelmannpro.com\/wp-content\/uploads\/2023\/10\/Montycon-CZ-CMYK.svg\" class=\"attachment-thumbnail size-thumbnail wp-image-676\" alt=\"\" style=\"width:100%;height:36.75%;max-width:283px\" \/>\t\t\t\t\t\t\t\t\t\t\t\t\t<\/div>\n\t\t\t\t<\/div>\n\t\t\t\t<div class=\"elementor-element elementor-element-3911760b elementor-widget elementor-widget-heading\" data-id=\"3911760b\" data-element_type=\"widget\" data-widget_type=\"heading.default\">\n\t\t\t\t<div class=\"elementor-widget-container\">\n\t\t\t<h2 class=\"elementor-heading-title elementor-size-default\">MONTYCON gastro, s.r.o.<\/h2>\t\t<\/div>\n\t\t\t\t<\/div>\n\t\t\t\t<div class=\"elementor-element elementor-element-686ebd23 elementor-widget elementor-widget-text-editor\" data-id=\"686ebd23\" data-element_type=\"widget\" data-widget_type=\"text-editor.default\">\n\t\t\t\t<div class=\"elementor-widget-container\">\n\t\t\t<style>\/*! elementor - v3.19.0 - 26-02-2024 *\/\n.elementor-widget-text-editor.elementor-drop-cap-view-stacked .elementor-drop-cap{background-color:#69727d;color:#fff}.elementor-widget-text-editor.elementor-drop-cap-view-framed .elementor-drop-cap{color:#69727d;border:3px solid;background-color:transparent}.elementor-widget-text-editor:not(.elementor-drop-cap-view-default) .elementor-drop-cap{margin-top:8px}.elementor-widget-text-editor:not(.elementor-drop-cap-view-default) .elementor-drop-cap-letter{width:1em;height:1em}.elementor-widget-text-editor .elementor-drop-cap{float:left;text-align:center;line-height:1;font-size:50px}.elementor-widget-text-editor .elementor-drop-cap-letter{display:inline-block}<\/style>\t\t\t\t<ul>\n \t<li>Rudn\u00e1 907\/37, 700 30 Ostrava \u2013 Z\u00e1b\u0159eh, \u010cesk\u00e1 republika<\/li>\n \t<li>T: +420 602 725 999<\/li>\n \t<li>E:\u00a0<a\nclass=\"clink\" href=\"mailto:info@montycon.cz\">info@montycon.cz<\/a><\/li>\n \t<li>W:\u00a0<a class=\"clink\" \nhref=\"http:\/\/www.montycon.cz\/\">www.montycon.cz<\/a><\/li>\n<\/ul>\t\t\t\t\t\t<\/div>\n\t\t\t\t<\/div>\n\t\t<div class=\"elementor-element elementor-element-e297943 e-flex e-con-boxed e-con e-child\" data-id=\"e297943\" data-element_type=\"container\" data-settings=\"{&quot;content_width&quot;:&quot;boxed&quot;}\">\n\t\t\t\t\t<div class=\"e-con-inner\">\n\t\t\t\t<div class=\"elementor-element elementor-element-9f6e009 elementor-widget elementor-widget-image\" data-id=\"9f6e009\" data-element_type=\"widget\" data-widget_type=\"image.default\">\n\t\t\t\t<div class=\"elementor-widget-container\">\n\t\t\t\t\t\t\t\t\t\t\t\t\t<img decoding=\"async\" width=\"300\" height=\"56\" src=\"https:\/\/www.heinzelmannpro.com\/wp-content\/uploads\/2024\/11\/HM-logo-full-grey-300x56.png\" class=\"attachment-medium size-medium wp-image-9179\" alt=\"\" srcset=\"https:\/\/www.heinzelmannpro.com\/wp-content\/uploads\/2024\/11\/HM-logo-full-grey-300x56.png 300w, https:\/\/www.heinzelmannpro.com\/wp-content\/uploads\/2024\/11\/HM-logo-full-grey-1024x191.png 1024w, https:\/\/www.heinzelmannpro.com\/wp-content\/uploads\/2024\/11\/HM-logo-full-grey-768x143.png 768w, https:\/\/www.heinzelmannpro.com\/wp-content\/uploads\/2024\/11\/HM-logo-full-grey-18x3.png 18w, https:\/\/www.heinzelmannpro.com\/wp-content\/uploads\/2024\/11\/HM-logo-full-grey.png 1527w\" sizes=\"(max-width: 300px) 100vw, 300px\" style=\"width:100%;height:18.66%;max-width:1527px\" \/>\t\t\t\t\t\t\t\t\t\t\t\t\t<\/div>\n\t\t\t\t<\/div>\n\t\t\t\t<div class=\"elementor-element elementor-element-8e5985d elementor-widget elementor-widget-text-editor\" data-id=\"8e5985d\" data-element_type=\"widget\" data-widget_type=\"text-editor.default\">\n\t\t\t\t<div class=\"elementor-widget-container\">\n\t\t\t\t\t\t\t<p>Please contact Mr <strong>Eike-Christian Hofschroeer<\/strong> if you have any enquiry regarding to Sales \/ Distribution <\/p><ul><li><a class=\"clink\" href=\"mailto:eike.hofschroeer@heinzelmannpro.com\">eike.hofschroeer@heinzelmannpro.com<\/a><\/li><\/ul>\t\t\t\t\t\t<\/div>\n\t\t\t\t<\/div>\n\t\t\t\t\t<\/div>\n\t\t\t\t<\/div>\n\t\t\t\t\t<\/div>\n\t\t\t\t<\/div>\n\t\t<div class=\"elementor-element elementor-element-2a39b39 e-flex e-con-boxed e-con e-parent\" data-id=\"2a39b39\" data-element_type=\"container\" data-settings=\"{&quot;content_width&quot;:&quot;boxed&quot;}\" data-core-v316-plus=\"true\">\n\t\t\t\t\t<div class=\"e-con-inner\">\n\t\t\t\t<div class=\"elementor-element elementor-element-11d9d17 elementor-widget elementor-widget-heading\" data-id=\"11d9d17\" data-element_type=\"widget\" data-widget_type=\"heading.default\">\n\t\t\t\t<div class=\"elementor-widget-container\">\n\t\t\t<h4 class=\"elementor-heading-title elementor-size-default\">Cook with Montycon<\/h4>\t\t<\/div>\n\t\t\t\t<\/div>\n\t\t\t\t<div class=\"elementor-element elementor-element-2896d82 elementor-widget elementor-widget-text-editor\" data-id=\"2896d82\" data-element_type=\"widget\" data-widget_type=\"text-editor.default\">\n\t\t\t\t<div class=\"elementor-widget-container\">\n\t\t\t\t\t\t\t<p style=\"line-height: var(--wp--typography--line-height, var(--global--line-height-body)); text-align: center;\"><font color=\"#808080\" face=\"-apple-system, BlinkMacSystemFont, Segoe UI, Roboto, Helvetica, Arial, sans-serif\"><span style=\"font-size: 14px;\">When visiting Czech Republic and Slovakia , you will not miss out the Czech garlic soup (\u010desne\u010dka) which is an authentic culinary staple, known for its comforting flavor and ease of preparation.<\/span><\/font><\/p><p style=\"line-height: var(--wp--typography--line-height, var(--global--line-height-body)); text-align: center;\"><font color=\"#808080\" face=\"-apple-system, BlinkMacSystemFont, Segoe UI, Roboto, Helvetica, Arial, sans-serif\"><span style=\"font-size: 14px;\">CHEF-X is allowing for effortless creation of this recipe, provides a quick and satisfying solution for any spontaneous soup cravings.<\/span><\/font><\/p><p style=\"line-height: var(--wp--typography--line-height, var(--global--line-height-body)); text-align: center;\"><font color=\"#808080\" face=\"-apple-system, BlinkMacSystemFont, Segoe UI, Roboto, Helvetica, Arial, sans-serif\"><span style=\"font-size: 14px;\">From chopping garlic to simmering with bacon fat and vegetables, the entire process can be completed in a single pot, eliminating the stress of watching the clock.<\/span><\/font><\/p>\t\t\t\t\t\t<\/div>\n\t\t\t\t<\/div>\n\t\t\t\t<div class=\"elementor-element elementor-element-61993ab elementor-widget elementor-widget-video\" data-id=\"61993ab\" data-element_type=\"widget\" data-settings=\"{&quot;youtube_url&quot;:&quot;https:\\\/\\\/youtu.be\\\/36fWacRRH-4?si=9ETRSQ_bZMCXozCJ&quot;,&quot;autoplay&quot;:&quot;yes&quot;,&quot;loop&quot;:&quot;yes&quot;,&quot;video_type&quot;:&quot;youtube&quot;,&quot;controls&quot;:&quot;yes&quot;}\" data-widget_type=\"video.default\">\n\t\t\t\t<div class=\"elementor-widget-container\">\n\t\t\t<style>\/*! elementor - v3.19.0 - 26-02-2024 *\/\n.elementor-widget-video .elementor-widget-container{overflow:hidden;transform:translateZ(0)}.elementor-widget-video .elementor-wrapper{aspect-ratio:var(--video-aspect-ratio)}.elementor-widget-video .elementor-wrapper iframe,.elementor-widget-video .elementor-wrapper video{height:100%;width:100%;display:flex;border:none;background-color:#000}@supports not (aspect-ratio:1\/1){.elementor-widget-video .elementor-wrapper{position:relative;overflow:hidden;height:0;padding-bottom:calc(100% \/ var(--video-aspect-ratio))}.elementor-widget-video .elementor-wrapper iframe,.elementor-widget-video .elementor-wrapper video{position:absolute;top:0;right:0;bottom:0;left:0}}.elementor-widget-video .elementor-open-inline .elementor-custom-embed-image-overlay{position:absolute;top:0;right:0;bottom:0;left:0;background-size:cover;background-position:50%}.elementor-widget-video .elementor-custom-embed-image-overlay{cursor:pointer;text-align:center}.elementor-widget-video .elementor-custom-embed-image-overlay:hover .elementor-custom-embed-play i{opacity:1}.elementor-widget-video .elementor-custom-embed-image-overlay img{display:block;width:100%;aspect-ratio:var(--video-aspect-ratio);-o-object-fit:cover;object-fit:cover;-o-object-position:center center;object-position:center center}@supports not (aspect-ratio:1\/1){.elementor-widget-video .elementor-custom-embed-image-overlay{position:relative;overflow:hidden;height:0;padding-bottom:calc(100% \/ var(--video-aspect-ratio))}.elementor-widget-video .elementor-custom-embed-image-overlay img{position:absolute;top:0;right:0;bottom:0;left:0}}.elementor-widget-video .e-hosted-video .elementor-video{-o-object-fit:cover;object-fit:cover}.e-con-inner>.elementor-widget-video,.e-con>.elementor-widget-video{width:var(--container-widget-width);--flex-grow:var(--container-widget-flex-grow)}<\/style>\t\t<div class=\"elementor-wrapper elementor-open-inline\">\n\t\t\t<div class=\"elementor-video\"><\/div>\t\t<\/div>\n\t\t\t\t<\/div>\n\t\t\t\t<\/div>\n\t\t\t\t\t<\/div>\n\t\t\t\t<\/div>\n\t\t\t\t<\/div>","protected":false},"excerpt":{"rendered":"<p>Where to Buy Czech Republic BACK TO &#8220;WHERE TO BUY&#8221; PAGE MONTYCON gastro, s.r.o. Rudn\u00e1 907\/37, 700 30 Ostrava \u2013 Z\u00e1b\u0159eh, \u010cesk\u00e1 republika T: +420 602 725 999 E:\u00a0info@montycon.cz W:\u00a0www.montycon.cz Please contact Mr Eike-Christian Hofschroeer if you have any enquiry regarding to Sales \/ Distribution eike.hofschroeer@heinzelmannpro.com Cook with Montycon When visiting Czech Republic and Slovakia&hellip; <a class=\"more-link\" href=\"https:\/\/www.heinzelmannpro.com\/nl\/where-to-buy-czech-republic\/\">Lees verder <span class=\"screen-reader-text\">Where-to-Buy-Czech Republic<\/span><\/a><\/p>","protected":false},"author":1,"featured_media":0,"parent":0,"menu_order":0,"comment_status":"closed","ping_status":"closed","template":"elementor_header_footer","meta":{"nf_dc_page":"","om_disable_all_campaigns":false,"_monsterinsights_skip_tracking":false,"_monsterinsights_sitenote_active":false,"_monsterinsights_sitenote_note":"","_monsterinsights_sitenote_category":0,"_uf_show_specific_survey":0,"_uf_disable_surveys":false,"footnotes":""},"yoast_head":"<!-- This site is optimized with the Yoast SEO Premium plugin v21.9 (Yoast SEO v22.7) - https:\/\/yoast.com\/wordpress\/plugins\/seo\/ -->\n<title>Where-to-Buy-Czech Republic - Heinzelmann<\/title>\n<meta name=\"robots\" content=\"index, follow, max-snippet:-1, max-image-preview:large, max-video-preview:-1\" \/>\n<link rel=\"canonical\" href=\"https:\/\/www.heinzelmannpro.com\/nl\/where-to-buy-czech-republic\/\" \/>\n<meta property=\"og:locale\" content=\"nl_NL\" \/>\n<meta property=\"og:type\" content=\"article\" \/>\n<meta property=\"og:title\" content=\"Where-to-Buy-Czech Republic\" \/>\n<meta property=\"og:description\" content=\"Where to Buy Czech Republic BACK TO &#8220;WHERE TO BUY&#8221; PAGE MONTYCON gastro, s.r.o. Rudn\u00e1 907\/37, 700 30 Ostrava \u2013 Z\u00e1b\u0159eh, \u010cesk\u00e1 republika T: +420 602 725 999 E:\u00a0info@montycon.cz W:\u00a0www.montycon.cz Please contact Mr Eike-Christian Hofschroeer if you have any enquiry regarding to Sales \/ Distribution eike.hofschroeer@heinzelmannpro.com Cook with Montycon When visiting Czech Republic and Slovakia&hellip; Lees verder Where-to-Buy-Czech Republic\" \/>\n<meta property=\"og:url\" content=\"https:\/\/www.heinzelmannpro.com\/nl\/where-to-buy-czech-republic\/\" \/>\n<meta property=\"og:site_name\" content=\"Heinzelmann\" \/>\n<meta property=\"article:publisher\" content=\"https:\/\/www.facebook.com\/heinzelmannpro\" \/>\n<meta property=\"article:modified_time\" content=\"2026-02-20T15:15:19+00:00\" \/>\n<meta property=\"og:image\" content=\"https:\/\/www.heinzelmannpro.com\/wp-content\/uploads\/2023\/10\/Montycon-CZ-CMYK.svg\" \/>\n<meta name=\"twitter:card\" content=\"summary_large_image\" \/>\n<meta name=\"twitter:label1\" content=\"Verwachte leestijd\" \/>\n\t<meta name=\"twitter:data1\" content=\"1 minuut\" \/>\n<script type=\"application\/ld+json\" class=\"yoast-schema-graph\">{\"@context\":\"https:\/\/schema.org\",\"@graph\":[{\"@type\":\"WebPage\",\"@id\":\"https:\/\/www.heinzelmannpro.com\/where-to-buy-czech-republic\/\",\"url\":\"https:\/\/www.heinzelmannpro.com\/where-to-buy-czech-republic\/\",\"name\":\"Where-to-Buy-Czech Republic - Heinzelmann\",\"isPartOf\":{\"@id\":\"https:\/\/www.heinzelmannpro.com\/gr\/#website\"},\"primaryImageOfPage\":{\"@id\":\"https:\/\/www.heinzelmannpro.com\/where-to-buy-czech-republic\/#primaryimage\"},\"image\":{\"@id\":\"https:\/\/www.heinzelmannpro.com\/where-to-buy-czech-republic\/#primaryimage\"},\"thumbnailUrl\":\"https:\/\/www.heinzelmannpro.com\/wp-content\/uploads\/2023\/10\/Montycon-CZ-CMYK.svg\",\"datePublished\":\"2023-10-27T16:38:34+00:00\",\"dateModified\":\"2026-02-20T15:15:19+00:00\",\"breadcrumb\":{\"@id\":\"https:\/\/www.heinzelmannpro.com\/where-to-buy-czech-republic\/#breadcrumb\"},\"inLanguage\":\"nl\",\"potentialAction\":[{\"@type\":\"ReadAction\",\"target\":[\"https:\/\/www.heinzelmannpro.com\/where-to-buy-czech-republic\/\"]}]},{\"@type\":\"ImageObject\",\"inLanguage\":\"nl\",\"@id\":\"https:\/\/www.heinzelmannpro.com\/where-to-buy-czech-republic\/#primaryimage\",\"url\":\"https:\/\/www.heinzelmannpro.com\/wp-content\/uploads\/2023\/10\/Montycon-CZ-CMYK.svg\",\"contentUrl\":\"https:\/\/www.heinzelmannpro.com\/wp-content\/uploads\/2023\/10\/Montycon-CZ-CMYK.svg\"},{\"@type\":\"BreadcrumbList\",\"@id\":\"https:\/\/www.heinzelmannpro.com\/where-to-buy-czech-republic\/#breadcrumb\",\"itemListElement\":[{\"@type\":\"ListItem\",\"position\":1,\"name\":\"Home\",\"item\":\"https:\/\/www.heinzelmannpro.com\/\"},{\"@type\":\"ListItem\",\"position\":2,\"name\":\"Where-to-Buy-Czech Republic\"}]},{\"@type\":\"WebSite\",\"@id\":\"https:\/\/www.heinzelmannpro.com\/gr\/#website\",\"url\":\"https:\/\/www.heinzelmannpro.com\/gr\/\",\"name\":\"Heinzelmann\",\"description\":\"\",\"publisher\":{\"@id\":\"https:\/\/www.heinzelmannpro.com\/gr\/#organization\"},\"potentialAction\":[{\"@type\":\"SearchAction\",\"target\":{\"@type\":\"EntryPoint\",\"urlTemplate\":\"https:\/\/www.heinzelmannpro.com\/gr\/?s={search_term_string}\"},\"query-input\":\"required name=search_term_string\"}],\"inLanguage\":\"nl\"},{\"@type\":\"Organization\",\"@id\":\"https:\/\/www.heinzelmannpro.com\/gr\/#organization\",\"name\":\"Heinzelmann\",\"url\":\"https:\/\/www.heinzelmannpro.com\/gr\/\",\"logo\":{\"@type\":\"ImageObject\",\"inLanguage\":\"nl\",\"@id\":\"https:\/\/www.heinzelmannpro.com\/gr\/#\/schema\/logo\/image\/\",\"url\":\"https:\/\/www.heinzelmannpro.com\/wp-content\/uploads\/2023\/10\/HM-Logo3-white.svg\",\"contentUrl\":\"https:\/\/www.heinzelmannpro.com\/wp-content\/uploads\/2023\/10\/HM-Logo3-white.svg\",\"width\":300,\"height\":43,\"caption\":\"Heinzelmann\"},\"image\":{\"@id\":\"https:\/\/www.heinzelmannpro.com\/gr\/#\/schema\/logo\/image\/\"},\"sameAs\":[\"https:\/\/www.facebook.com\/heinzelmannpro\",\"https:\/\/www.instagram.com\/heinzelmann_pro\/\",\"https:\/\/hk.linkedin.com\/showcase\/heinzelmann-pro\/\",\"https:\/\/www.youtube.com\/@heinzelmannde8106\"]}]}<\/script>\n<!-- \/ Yoast SEO Premium plugin. -->","yoast_head_json":{"title":"Where-to-Buy-Czech Republic - Heinzelmann","robots":{"index":"index","follow":"follow","max-snippet":"max-snippet:-1","max-image-preview":"max-image-preview:large","max-video-preview":"max-video-preview:-1"},"canonical":"https:\/\/www.heinzelmannpro.com\/nl\/where-to-buy-czech-republic\/","og_locale":"nl_NL","og_type":"article","og_title":"Where-to-Buy-Czech Republic","og_description":"Where to Buy Czech Republic BACK TO &#8220;WHERE TO BUY&#8221; PAGE MONTYCON gastro, s.r.o. Rudn\u00e1 907\/37, 700 30 Ostrava \u2013 Z\u00e1b\u0159eh, \u010cesk\u00e1 republika T: +420 602 725 999 E:\u00a0info@montycon.cz W:\u00a0www.montycon.cz Please contact Mr Eike-Christian Hofschroeer if you have any enquiry regarding to Sales \/ Distribution eike.hofschroeer@heinzelmannpro.com Cook with Montycon When visiting Czech Republic and Slovakia&hellip; Lees verder Where-to-Buy-Czech Republic","og_url":"https:\/\/www.heinzelmannpro.com\/nl\/where-to-buy-czech-republic\/","og_site_name":"Heinzelmann","article_publisher":"https:\/\/www.facebook.com\/heinzelmannpro","article_modified_time":"2026-02-20T15:15:19+00:00","og_image":[{"url":"https:\/\/www.heinzelmannpro.com\/wp-content\/uploads\/2023\/10\/Montycon-CZ-CMYK.svg"}],"twitter_card":"summary_large_image","twitter_misc":{"Verwachte leestijd":"1 minuut"},"schema":{"@context":"https:\/\/schema.org","@graph":[{"@type":"WebPage","@id":"https:\/\/www.heinzelmannpro.com\/where-to-buy-czech-republic\/","url":"https:\/\/www.heinzelmannpro.com\/where-to-buy-czech-republic\/","name":"Where-to-Buy-Czech Republic - Heinzelmann","isPartOf":{"@id":"https:\/\/www.heinzelmannpro.com\/gr\/#website"},"primaryImageOfPage":{"@id":"https:\/\/www.heinzelmannpro.com\/where-to-buy-czech-republic\/#primaryimage"},"image":{"@id":"https:\/\/www.heinzelmannpro.com\/where-to-buy-czech-republic\/#primaryimage"},"thumbnailUrl":"https:\/\/www.heinzelmannpro.com\/wp-content\/uploads\/2023\/10\/Montycon-CZ-CMYK.svg","datePublished":"2023-10-27T16:38:34+00:00","dateModified":"2026-02-20T15:15:19+00:00","breadcrumb":{"@id":"https:\/\/www.heinzelmannpro.com\/where-to-buy-czech-republic\/#breadcrumb"},"inLanguage":"nl","potentialAction":[{"@type":"ReadAction","target":["https:\/\/www.heinzelmannpro.com\/where-to-buy-czech-republic\/"]}]},{"@type":"ImageObject","inLanguage":"nl","@id":"https:\/\/www.heinzelmannpro.com\/where-to-buy-czech-republic\/#primaryimage","url":"https:\/\/www.heinzelmannpro.com\/wp-content\/uploads\/2023\/10\/Montycon-CZ-CMYK.svg","contentUrl":"https:\/\/www.heinzelmannpro.com\/wp-content\/uploads\/2023\/10\/Montycon-CZ-CMYK.svg"},{"@type":"BreadcrumbList","@id":"https:\/\/www.heinzelmannpro.com\/where-to-buy-czech-republic\/#breadcrumb","itemListElement":[{"@type":"ListItem","position":1,"name":"Home","item":"https:\/\/www.heinzelmannpro.com\/"},{"@type":"ListItem","position":2,"name":"Where-to-Buy-Czech Republic"}]},{"@type":"WebSite","@id":"https:\/\/www.heinzelmannpro.com\/gr\/#website","url":"https:\/\/www.heinzelmannpro.com\/gr\/","name":"Heinzelmann","description":"","publisher":{"@id":"https:\/\/www.heinzelmannpro.com\/gr\/#organization"},"potentialAction":[{"@type":"SearchAction","target":{"@type":"EntryPoint","urlTemplate":"https:\/\/www.heinzelmannpro.com\/gr\/?s={search_term_string}"},"query-input":"required name=search_term_string"}],"inLanguage":"nl"},{"@type":"Organization","@id":"https:\/\/www.heinzelmannpro.com\/gr\/#organization","name":"Heinzelmann","url":"https:\/\/www.heinzelmannpro.com\/gr\/","logo":{"@type":"ImageObject","inLanguage":"nl","@id":"https:\/\/www.heinzelmannpro.com\/gr\/#\/schema\/logo\/image\/","url":"https:\/\/www.heinzelmannpro.com\/wp-content\/uploads\/2023\/10\/HM-Logo3-white.svg","contentUrl":"https:\/\/www.heinzelmannpro.com\/wp-content\/uploads\/2023\/10\/HM-Logo3-white.svg","width":300,"height":43,"caption":"Heinzelmann"},"image":{"@id":"https:\/\/www.heinzelmannpro.com\/gr\/#\/schema\/logo\/image\/"},"sameAs":["https:\/\/www.facebook.com\/heinzelmannpro","https:\/\/www.instagram.com\/heinzelmann_pro\/","https:\/\/hk.linkedin.com\/showcase\/heinzelmann-pro\/","https:\/\/www.youtube.com\/@heinzelmannde8106"]}]}},"_links":{"self":[{"href":"https:\/\/www.heinzelmannpro.com\/nl\/wp-json\/wp\/v2\/pages\/674"}],"collection":[{"href":"https:\/\/www.heinzelmannpro.com\/nl\/wp-json\/wp\/v2\/pages"}],"about":[{"href":"https:\/\/www.heinzelmannpro.com\/nl\/wp-json\/wp\/v2\/types\/page"}],"author":[{"embeddable":true,"href":"https:\/\/www.heinzelmannpro.com\/nl\/wp-json\/wp\/v2\/users\/1"}],"replies":[{"embeddable":true,"href":"https:\/\/www.heinzelmannpro.com\/nl\/wp-json\/wp\/v2\/comments?post=674"}],"version-history":[{"count":5,"href":"https:\/\/www.heinzelmannpro.com\/nl\/wp-json\/wp\/v2\/pages\/674\/revisions"}],"predecessor-version":[{"id":11403,"href":"https:\/\/www.heinzelmannpro.com\/nl\/wp-json\/wp\/v2\/pages\/674\/revisions\/11403"}],"wp:attachment":[{"href":"https:\/\/www.heinzelmannpro.com\/nl\/wp-json\/wp\/v2\/media?parent=674"}],"curies":[{"name":"wp","href":"https:\/\/api.w.org\/{rel}","templated":true}]}}