{"id":1135,"date":"2023-10-31T01:45:08","date_gmt":"2023-10-31T01:45:08","guid":{"rendered":"https:\/\/wp.proja.sourcedemo.com\/?page_id=1135"},"modified":"2023-12-13T09:58:24","modified_gmt":"2023-12-13T09:58:24","slug":"submission","status":"publish","type":"page","link":"https:\/\/www.heinzelmannpro.com\/fr\/submission\/","title":{"rendered":"Submission"},"content":{"rendered":"<div data-elementor-type=\"wp-page\" data-elementor-id=\"1135\" class=\"elementor elementor-1135\" data-elementor-post-type=\"page\">\n\t\t\t\t<div class=\"elementor-element elementor-element-b8893bd e-flex e-con-boxed e-con e-parent\" data-id=\"b8893bd\" data-element_type=\"container\" data-settings=\"{&quot;content_width&quot;:&quot;boxed&quot;}\" data-core-v316-plus=\"true\">\n\t\t\t\t\t<div class=\"e-con-inner\">\n\t\t\t\t<div class=\"elementor-element elementor-element-70a9493 elementor-widget elementor-widget-heading\" data-id=\"70a9493\" data-element_type=\"widget\" data-widget_type=\"heading.default\">\n\t\t\t\t<div class=\"elementor-widget-container\">\n\t\t\t<style>\/*! elementor - v3.19.0 - 26-02-2024 *\/\n.elementor-heading-title{padding:0;margin:0;line-height:1}.elementor-widget-heading .elementor-heading-title[class*=elementor-size-]>a{color:inherit;font-size:inherit;line-height:inherit}.elementor-widget-heading .elementor-heading-title.elementor-size-small{font-size:15px}.elementor-widget-heading .elementor-heading-title.elementor-size-medium{font-size:19px}.elementor-widget-heading .elementor-heading-title.elementor-size-large{font-size:29px}.elementor-widget-heading .elementor-heading-title.elementor-size-xl{font-size:39px}.elementor-widget-heading .elementor-heading-title.elementor-size-xxl{font-size:59px}<\/style><h2 class=\"elementor-heading-title elementor-size-default\">Heinzelmann<br\/> Submission<\/h2>\t\t<\/div>\n\t\t\t\t<\/div>\n\t\t\t\t\t<\/div>\n\t\t\t\t<\/div>\n\t\t<div class=\"elementor-element elementor-element-d970966 e-flex e-con-boxed e-con e-parent\" data-id=\"d970966\" data-element_type=\"container\" data-settings=\"{&quot;content_width&quot;:&quot;boxed&quot;}\" data-core-v316-plus=\"true\">\n\t\t\t\t\t<div class=\"e-con-inner\">\n\t\t<div class=\"elementor-element elementor-element-6554bde e-con-full e-flex e-con e-child\" data-id=\"6554bde\" data-element_type=\"container\" data-settings=\"{&quot;content_width&quot;:&quot;full&quot;}\">\n\t\t\t\t<div class=\"elementor-element elementor-element-14c1695 elementor-widget elementor-widget-image\" data-id=\"14c1695\" data-element_type=\"widget\" data-widget_type=\"image.default\">\n\t\t\t\t<div class=\"elementor-widget-container\">\n\t\t\t<style>\/*! elementor - v3.19.0 - 26-02-2024 *\/\n.elementor-widget-image{text-align:center}.elementor-widget-image a{display:inline-block}.elementor-widget-image a img[src$=\".svg\"]{width:48px}.elementor-widget-image img{vertical-align:middle;display:inline-block}<\/style>\t\t\t\t\t\t\t\t\t\t\t<a href=\"https:\/\/docs.google.com\/forms\/d\/e\/1FAIpQLScs1-1T4ZMAL3vrkVJTswtbaKak59hKXLiiCi9-fXc4saR18A\/viewform\">\n\t\t\t\t\t\t\t<img fetchpriority=\"high\" decoding=\"async\" width=\"512\" height=\"512\" src=\"https:\/\/www.heinzelmannpro.com\/wp-content\/uploads\/2023\/10\/Submission-Marketing.jpg\" class=\"attachment-large size-large wp-image-1138\" alt=\"\" srcset=\"https:\/\/www.heinzelmannpro.com\/wp-content\/uploads\/2023\/10\/Submission-Marketing.jpg 512w, https:\/\/www.heinzelmannpro.com\/wp-content\/uploads\/2023\/10\/Submission-Marketing-300x300.jpg 300w, https:\/\/www.heinzelmannpro.com\/wp-content\/uploads\/2023\/10\/Submission-Marketing-150x150.jpg 150w, https:\/\/www.heinzelmannpro.com\/wp-content\/uploads\/2023\/10\/Submission-Marketing-12x12.jpg 12w\" sizes=\"(max-width: 512px) 100vw, 512px\" style=\"width:100%;height:100%;max-width:512px\" \/>\t\t\t\t\t\t\t\t<\/a>\n\t\t\t\t\t\t\t\t\t\t\t\t\t<\/div>\n\t\t\t\t<\/div>\n\t\t\t\t<div class=\"elementor-element elementor-element-bb4b259 elementor-widget elementor-widget-heading\" data-id=\"bb4b259\" data-element_type=\"widget\" data-widget_type=\"heading.default\">\n\t\t\t\t<div class=\"elementor-widget-container\">\n\t\t\t<h2 class=\"elementor-heading-title elementor-size-default\">Share your <b><i>Heinzelmann Everywhere<\/i><\/b> ou <b><i>Fair Update<\/i><\/b> with us. Let's bring the Heinzelmann family members around the world.<\/h2>\t\t<\/div>\n\t\t\t\t<\/div>\n\t\t\t\t<\/div>\n\t\t<div class=\"elementor-element elementor-element-0a06e14 e-con-full e-flex e-con e-child\" data-id=\"0a06e14\" data-element_type=\"container\" data-settings=\"{&quot;content_width&quot;:&quot;full&quot;}\">\n\t\t\t\t<div class=\"elementor-element elementor-element-06ac2d6 elementor-widget elementor-widget-image\" data-id=\"06ac2d6\" data-element_type=\"widget\" data-widget_type=\"image.default\">\n\t\t\t\t<div class=\"elementor-widget-container\">\n\t\t\t\t\t\t\t\t\t\t\t\t\t\t<a href=\"https:\/\/docs.google.com\/forms\/d\/e\/1FAIpQLSfDH9gjI9EpSqw1b8yoZ9F0Ud0jcU8XKaPR0TbngSADboSyCA\/viewform\">\n\t\t\t\t\t\t\t<img decoding=\"async\" width=\"512\" height=\"512\" src=\"https:\/\/www.heinzelmannpro.com\/wp-content\/uploads\/2023\/10\/Submission-TS.jpg\" class=\"attachment-large size-large wp-image-1139\" alt=\"\" srcset=\"https:\/\/www.heinzelmannpro.com\/wp-content\/uploads\/2023\/10\/Submission-TS.jpg 512w, https:\/\/www.heinzelmannpro.com\/wp-content\/uploads\/2023\/10\/Submission-TS-300x300.jpg 300w, https:\/\/www.heinzelmannpro.com\/wp-content\/uploads\/2023\/10\/Submission-TS-150x150.jpg 150w, https:\/\/www.heinzelmannpro.com\/wp-content\/uploads\/2023\/10\/Submission-TS-12x12.jpg 12w\" sizes=\"(max-width: 512px) 100vw, 512px\" style=\"width:100%;height:100%;max-width:512px\" \/>\t\t\t\t\t\t\t\t<\/a>\n\t\t\t\t\t\t\t\t\t\t\t\t\t<\/div>\n\t\t\t\t<\/div>\n\t\t\t\t<div class=\"elementor-element elementor-element-5804d8a elementor-widget elementor-widget-heading\" data-id=\"5804d8a\" data-element_type=\"widget\" data-widget_type=\"heading.default\">\n\t\t\t\t<div class=\"elementor-widget-container\">\n\t\t\t<h2 class=\"elementor-heading-title elementor-size-default\">Report your technical issues through this form.<\/h2>\t\t<\/div>\n\t\t\t\t<\/div>\n\t\t\t\t<\/div>\n\t\t\t\t\t<\/div>\n\t\t\t\t<\/div>\n\t\t<div class=\"elementor-element elementor-element-a52b87c e-flex e-con-boxed e-con e-parent\" data-id=\"a52b87c\" data-element_type=\"container\" data-settings=\"{&quot;background_background&quot;:&quot;classic&quot;,&quot;content_width&quot;:&quot;boxed&quot;}\" data-core-v316-plus=\"true\">\n\t\t\t\t\t<div class=\"e-con-inner\">\n\t\t\t\t<div class=\"elementor-element elementor-element-f5e0356 elementor-widget elementor-widget-heading\" data-id=\"f5e0356\" data-element_type=\"widget\" data-widget_type=\"heading.default\">\n\t\t\t\t<div class=\"elementor-widget-container\">\n\t\t\t<h2 class=\"elementor-heading-title elementor-size-default\">Contactez-nous<\/h2>\t\t<\/div>\n\t\t\t\t<\/div>\n\t\t\t\t<div class=\"elementor-element elementor-element-843e13a elementor-widget elementor-widget-heading\" data-id=\"843e13a\" data-element_type=\"widget\" data-widget_type=\"heading.default\">\n\t\t\t\t<div class=\"elementor-widget-container\">\n\t\t\t<h2 class=\"elementor-heading-title elementor-size-default\">Restez \u00e0 l'\u00e9coute pour conna\u00eetre les derni\u00e8res nouvelles et suivre notre lancement<\/h2>\t\t<\/div>\n\t\t\t\t<\/div>\n\t\t\t\t<div class=\"elementor-element elementor-element-e8bba33 elementor-widget elementor-widget-heading\" data-id=\"e8bba33\" data-element_type=\"widget\" data-widget_type=\"heading.default\">\n\t\t\t\t<div class=\"elementor-widget-container\">\n\t\t\t<h2 class=\"elementor-heading-title elementor-size-default\">ou<\/h2>\t\t<\/div>\n\t\t\t\t<\/div>\n\t\t\t\t<div class=\"elementor-element elementor-element-742d9fa elementor-widget elementor-widget-heading\" data-id=\"742d9fa\" data-element_type=\"widget\" data-widget_type=\"heading.default\">\n\t\t\t\t<div class=\"elementor-widget-container\">\n\t\t\t<h2 class=\"elementor-heading-title elementor-size-default\">Vous avez des id\u00e9es de produits !? Discutons-en\u00a0: nous pouvons collaborer ensemble pour les commercialiser\u00a0!<\/h2>\t\t<\/div>\n\t\t\t\t<\/div>\n\t\t\t\t<div class=\"elementor-element elementor-element-f2aa60a elementor-align-center elementor-widget elementor-widget-button\" data-id=\"f2aa60a\" data-element_type=\"widget\" data-widget_type=\"button.default\">\n\t\t\t\t<div class=\"elementor-widget-container\">\n\t\t\t\t\t<div class=\"elementor-button-wrapper\">\n\t\t\t<a class=\"elementor-button elementor-button-link elementor-size-sm\" href=\"#\">\n\t\t\t\t\t\t<span class=\"elementor-button-content-wrapper\">\n\t\t\t\t\t\t<span class=\"elementor-button-text\">ENTRER EN CONTACT<\/span>\n\t\t<\/span>\n\t\t\t\t\t<\/a>\n\t\t<\/div>\n\t\t\t\t<\/div>\n\t\t\t\t<\/div>\n\t\t\t\t\t<\/div>\n\t\t\t\t<\/div>\n\t\t\t\t<\/div>","protected":false},"excerpt":{"rendered":"<p>Heinzelmann Submission Share your Heinzelmann Everywhere OR Fair Update with us. Let&#8217;s bring the Heinzelmann family members around the world. Report your technical issues through this form. Contact Us Stay tuned for latest news and keep track of our launch OR You have product ideas!? Let\u2019s discuss \u2013 we can jointly collaborate to bring them&hellip; <a class=\"more-link\" href=\"https:\/\/www.heinzelmannpro.com\/fr\/submission\/\">Poursuivre la lecture <span class=\"screen-reader-text\">Submission<\/span><\/a><\/p>","protected":false},"author":1,"featured_media":0,"parent":0,"menu_order":0,"comment_status":"closed","ping_status":"closed","template":"elementor_header_footer","meta":{"nf_dc_page":"","om_disable_all_campaigns":false,"_monsterinsights_skip_tracking":false,"_monsterinsights_sitenote_active":false,"_monsterinsights_sitenote_note":"","_monsterinsights_sitenote_category":0,"_uf_show_specific_survey":0,"_uf_disable_surveys":false,"footnotes":""},"yoast_head":"<!-- This site is optimized with the Yoast SEO Premium plugin v21.9 (Yoast SEO v22.7) - https:\/\/yoast.com\/wordpress\/plugins\/seo\/ -->\n<title>Submission | Heinzelmann<\/title>\n<meta name=\"robots\" content=\"index, follow, max-snippet:-1, max-image-preview:large, max-video-preview:-1\" \/>\n<link rel=\"canonical\" href=\"https:\/\/www.heinzelmannpro.com\/fr\/submission\/\" \/>\n<meta property=\"og:locale\" content=\"fr_FR\" \/>\n<meta property=\"og:type\" content=\"article\" \/>\n<meta property=\"og:title\" content=\"Submission\" \/>\n<meta property=\"og:description\" content=\"Heinzelmann Submission Share your Heinzelmann Everywhere OR Fair Update with us. Let&#8217;s bring the Heinzelmann family members around the world. Report your technical issues through this form. Contact Us Stay tuned for latest news and keep track of our launch OR You have product ideas!? Let\u2019s discuss \u2013 we can jointly collaborate to bring them&hellip; Poursuivre la lecture Submission\" \/>\n<meta property=\"og:url\" content=\"https:\/\/www.heinzelmannpro.com\/fr\/submission\/\" \/>\n<meta property=\"og:site_name\" content=\"Heinzelmann\" \/>\n<meta property=\"article:publisher\" content=\"https:\/\/www.facebook.com\/heinzelmannpro\" \/>\n<meta property=\"article:modified_time\" content=\"2023-12-13T09:58:24+00:00\" \/>\n<meta property=\"og:image\" content=\"https:\/\/www.heinzelmannpro.com\/wp-content\/uploads\/2023\/10\/Submission-Marketing.jpg\" \/>\n<meta name=\"twitter:card\" content=\"summary_large_image\" \/>\n<meta name=\"twitter:label1\" content=\"Dur\u00e9e de lecture estim\u00e9e\" \/>\n\t<meta name=\"twitter:data1\" content=\"1 minute\" \/>\n<script type=\"application\/ld+json\" class=\"yoast-schema-graph\">{\"@context\":\"https:\/\/schema.org\",\"@graph\":[{\"@type\":\"WebPage\",\"@id\":\"https:\/\/www.heinzelmannpro.com\/de\/submission\/\",\"url\":\"https:\/\/www.heinzelmannpro.com\/de\/submission\/\",\"name\":\"Submission | Heinzelmann\",\"isPartOf\":{\"@id\":\"https:\/\/www.heinzelmannpro.com\/gr\/#website\"},\"primaryImageOfPage\":{\"@id\":\"https:\/\/www.heinzelmannpro.com\/de\/submission\/#primaryimage\"},\"image\":{\"@id\":\"https:\/\/www.heinzelmannpro.com\/de\/submission\/#primaryimage\"},\"thumbnailUrl\":\"https:\/\/www.heinzelmannpro.com\/wp-content\/uploads\/2023\/10\/Submission-Marketing.jpg\",\"datePublished\":\"2023-10-31T01:45:08+00:00\",\"dateModified\":\"2023-12-13T09:58:24+00:00\",\"breadcrumb\":{\"@id\":\"https:\/\/www.heinzelmannpro.com\/de\/submission\/#breadcrumb\"},\"inLanguage\":\"fr-FR\",\"potentialAction\":[{\"@type\":\"ReadAction\",\"target\":[\"https:\/\/www.heinzelmannpro.com\/de\/submission\/\"]}]},{\"@type\":\"ImageObject\",\"inLanguage\":\"fr-FR\",\"@id\":\"https:\/\/www.heinzelmannpro.com\/de\/submission\/#primaryimage\",\"url\":\"https:\/\/www.heinzelmannpro.com\/wp-content\/uploads\/2023\/10\/Submission-Marketing.jpg\",\"contentUrl\":\"https:\/\/www.heinzelmannpro.com\/wp-content\/uploads\/2023\/10\/Submission-Marketing.jpg\"},{\"@type\":\"BreadcrumbList\",\"@id\":\"https:\/\/www.heinzelmannpro.com\/de\/submission\/#breadcrumb\",\"itemListElement\":[{\"@type\":\"ListItem\",\"position\":1,\"name\":\"Home\",\"item\":\"https:\/\/www.heinzelmannpro.com\/\"},{\"@type\":\"ListItem\",\"position\":2,\"name\":\"Submission\"}]},{\"@type\":\"WebSite\",\"@id\":\"https:\/\/www.heinzelmannpro.com\/gr\/#website\",\"url\":\"https:\/\/www.heinzelmannpro.com\/gr\/\",\"name\":\"Heinzelmann\",\"description\":\"\",\"publisher\":{\"@id\":\"https:\/\/www.heinzelmannpro.com\/gr\/#organization\"},\"potentialAction\":[{\"@type\":\"SearchAction\",\"target\":{\"@type\":\"EntryPoint\",\"urlTemplate\":\"https:\/\/www.heinzelmannpro.com\/gr\/?s={search_term_string}\"},\"query-input\":\"required name=search_term_string\"}],\"inLanguage\":\"fr-FR\"},{\"@type\":\"Organization\",\"@id\":\"https:\/\/www.heinzelmannpro.com\/gr\/#organization\",\"name\":\"Heinzelmann\",\"url\":\"https:\/\/www.heinzelmannpro.com\/gr\/\",\"logo\":{\"@type\":\"ImageObject\",\"inLanguage\":\"fr-FR\",\"@id\":\"https:\/\/www.heinzelmannpro.com\/gr\/#\/schema\/logo\/image\/\",\"url\":\"https:\/\/www.heinzelmannpro.com\/wp-content\/uploads\/2023\/10\/HM-Logo3-white.svg\",\"contentUrl\":\"https:\/\/www.heinzelmannpro.com\/wp-content\/uploads\/2023\/10\/HM-Logo3-white.svg\",\"width\":300,\"height\":43,\"caption\":\"Heinzelmann\"},\"image\":{\"@id\":\"https:\/\/www.heinzelmannpro.com\/gr\/#\/schema\/logo\/image\/\"},\"sameAs\":[\"https:\/\/www.facebook.com\/heinzelmannpro\",\"https:\/\/www.instagram.com\/heinzelmann_pro\/\",\"https:\/\/hk.linkedin.com\/showcase\/heinzelmann-pro\/\",\"https:\/\/www.youtube.com\/@heinzelmannde8106\"]}]}<\/script>\n<!-- \/ Yoast SEO Premium plugin. -->","yoast_head_json":{"title":"Submission | Heinzelmann","robots":{"index":"index","follow":"follow","max-snippet":"max-snippet:-1","max-image-preview":"max-image-preview:large","max-video-preview":"max-video-preview:-1"},"canonical":"https:\/\/www.heinzelmannpro.com\/fr\/submission\/","og_locale":"fr_FR","og_type":"article","og_title":"Submission","og_description":"Heinzelmann Submission Share your Heinzelmann Everywhere OR Fair Update with us. Let&#8217;s bring the Heinzelmann family members around the world. Report your technical issues through this form. Contact Us Stay tuned for latest news and keep track of our launch OR You have product ideas!? Let\u2019s discuss \u2013 we can jointly collaborate to bring them&hellip; Poursuivre la lecture Submission","og_url":"https:\/\/www.heinzelmannpro.com\/fr\/submission\/","og_site_name":"Heinzelmann","article_publisher":"https:\/\/www.facebook.com\/heinzelmannpro","article_modified_time":"2023-12-13T09:58:24+00:00","og_image":[{"url":"https:\/\/www.heinzelmannpro.com\/wp-content\/uploads\/2023\/10\/Submission-Marketing.jpg"}],"twitter_card":"summary_large_image","twitter_misc":{"Dur\u00e9e de lecture estim\u00e9e":"1 minute"},"schema":{"@context":"https:\/\/schema.org","@graph":[{"@type":"WebPage","@id":"https:\/\/www.heinzelmannpro.com\/de\/submission\/","url":"https:\/\/www.heinzelmannpro.com\/de\/submission\/","name":"Submission | Heinzelmann","isPartOf":{"@id":"https:\/\/www.heinzelmannpro.com\/gr\/#website"},"primaryImageOfPage":{"@id":"https:\/\/www.heinzelmannpro.com\/de\/submission\/#primaryimage"},"image":{"@id":"https:\/\/www.heinzelmannpro.com\/de\/submission\/#primaryimage"},"thumbnailUrl":"https:\/\/www.heinzelmannpro.com\/wp-content\/uploads\/2023\/10\/Submission-Marketing.jpg","datePublished":"2023-10-31T01:45:08+00:00","dateModified":"2023-12-13T09:58:24+00:00","breadcrumb":{"@id":"https:\/\/www.heinzelmannpro.com\/de\/submission\/#breadcrumb"},"inLanguage":"fr-FR","potentialAction":[{"@type":"ReadAction","target":["https:\/\/www.heinzelmannpro.com\/de\/submission\/"]}]},{"@type":"ImageObject","inLanguage":"fr-FR","@id":"https:\/\/www.heinzelmannpro.com\/de\/submission\/#primaryimage","url":"https:\/\/www.heinzelmannpro.com\/wp-content\/uploads\/2023\/10\/Submission-Marketing.jpg","contentUrl":"https:\/\/www.heinzelmannpro.com\/wp-content\/uploads\/2023\/10\/Submission-Marketing.jpg"},{"@type":"BreadcrumbList","@id":"https:\/\/www.heinzelmannpro.com\/de\/submission\/#breadcrumb","itemListElement":[{"@type":"ListItem","position":1,"name":"Home","item":"https:\/\/www.heinzelmannpro.com\/"},{"@type":"ListItem","position":2,"name":"Submission"}]},{"@type":"WebSite","@id":"https:\/\/www.heinzelmannpro.com\/gr\/#website","url":"https:\/\/www.heinzelmannpro.com\/gr\/","name":"Heinzelmann","description":"","publisher":{"@id":"https:\/\/www.heinzelmannpro.com\/gr\/#organization"},"potentialAction":[{"@type":"SearchAction","target":{"@type":"EntryPoint","urlTemplate":"https:\/\/www.heinzelmannpro.com\/gr\/?s={search_term_string}"},"query-input":"required name=search_term_string"}],"inLanguage":"fr-FR"},{"@type":"Organization","@id":"https:\/\/www.heinzelmannpro.com\/gr\/#organization","name":"Heinzelmann","url":"https:\/\/www.heinzelmannpro.com\/gr\/","logo":{"@type":"ImageObject","inLanguage":"fr-FR","@id":"https:\/\/www.heinzelmannpro.com\/gr\/#\/schema\/logo\/image\/","url":"https:\/\/www.heinzelmannpro.com\/wp-content\/uploads\/2023\/10\/HM-Logo3-white.svg","contentUrl":"https:\/\/www.heinzelmannpro.com\/wp-content\/uploads\/2023\/10\/HM-Logo3-white.svg","width":300,"height":43,"caption":"Heinzelmann"},"image":{"@id":"https:\/\/www.heinzelmannpro.com\/gr\/#\/schema\/logo\/image\/"},"sameAs":["https:\/\/www.facebook.com\/heinzelmannpro","https:\/\/www.instagram.com\/heinzelmann_pro\/","https:\/\/hk.linkedin.com\/showcase\/heinzelmann-pro\/","https:\/\/www.youtube.com\/@heinzelmannde8106"]}]}},"_links":{"self":[{"href":"https:\/\/www.heinzelmannpro.com\/fr\/wp-json\/wp\/v2\/pages\/1135"}],"collection":[{"href":"https:\/\/www.heinzelmannpro.com\/fr\/wp-json\/wp\/v2\/pages"}],"about":[{"href":"https:\/\/www.heinzelmannpro.com\/fr\/wp-json\/wp\/v2\/types\/page"}],"author":[{"embeddable":true,"href":"https:\/\/www.heinzelmannpro.com\/fr\/wp-json\/wp\/v2\/users\/1"}],"replies":[{"embeddable":true,"href":"https:\/\/www.heinzelmannpro.com\/fr\/wp-json\/wp\/v2\/comments?post=1135"}],"version-history":[{"count":4,"href":"https:\/\/www.heinzelmannpro.com\/fr\/wp-json\/wp\/v2\/pages\/1135\/revisions"}],"predecessor-version":[{"id":1142,"href":"https:\/\/www.heinzelmannpro.com\/fr\/wp-json\/wp\/v2\/pages\/1135\/revisions\/1142"}],"wp:attachment":[{"href":"https:\/\/www.heinzelmannpro.com\/fr\/wp-json\/wp\/v2\/media?parent=1135"}],"curies":[{"name":"wp","href":"https:\/\/api.w.org\/{rel}","templated":true}]}}