{"id":869,"date":"2023-10-29T05:46:28","date_gmt":"2023-10-29T05:46:28","guid":{"rendered":"https:\/\/wp.proja.sourcedemo.com\/?page_id=869"},"modified":"2024-07-12T16:32:19","modified_gmt":"2024-07-12T16:32:19","slug":"where-to-buy-china-hong-kong-peak-honour-international-ltd","status":"publish","type":"page","link":"https:\/\/www.heinzelmannpro.com\/cz\/where-to-buy-china-hong-kong-peak-honour-international-ltd\/","title":{"rendered":"Where-to-Buy-China-Hong-Kong-Peak-Honour-International-Ltd"},"content":{"rendered":"<div data-elementor-type=\"wp-page\" data-elementor-id=\"869\" class=\"elementor elementor-869\" data-elementor-post-type=\"page\">\n\t\t\t\t<div class=\"elementor-element elementor-element-4faea74f e-flex e-con-boxed e-con e-parent\" data-id=\"4faea74f\" data-element_type=\"container\" data-settings=\"{&quot;content_width&quot;:&quot;boxed&quot;}\" data-core-v316-plus=\"true\">\n\t\t\t\t\t<div class=\"e-con-inner\">\n\t\t\t\t<div class=\"elementor-element elementor-element-4af488a0 elementor-widget elementor-widget-heading\" data-id=\"4af488a0\" data-element_type=\"widget\" data-widget_type=\"heading.default\">\n\t\t\t\t<div class=\"elementor-widget-container\">\n\t\t\t<style>\/*! elementor - v3.19.0 - 26-02-2024 *\/\n.elementor-heading-title{padding:0;margin:0;line-height:1}.elementor-widget-heading .elementor-heading-title[class*=elementor-size-]>a{color:inherit;font-size:inherit;line-height:inherit}.elementor-widget-heading .elementor-heading-title.elementor-size-small{font-size:15px}.elementor-widget-heading .elementor-heading-title.elementor-size-medium{font-size:19px}.elementor-widget-heading .elementor-heading-title.elementor-size-large{font-size:29px}.elementor-widget-heading .elementor-heading-title.elementor-size-xl{font-size:39px}.elementor-widget-heading .elementor-heading-title.elementor-size-xxl{font-size:59px}<\/style><h2 class=\"elementor-heading-title elementor-size-default\">Kde koupit<\/h2>\t\t<\/div>\n\t\t\t\t<\/div>\n\t\t\t\t<div class=\"elementor-element elementor-element-1c8bc2fa elementor-widget elementor-widget-heading\" data-id=\"1c8bc2fa\" data-element_type=\"widget\" data-widget_type=\"heading.default\">\n\t\t\t\t<div class=\"elementor-widget-container\">\n\t\t\t<h2 class=\"elementor-heading-title elementor-size-default\">China - Hong Kong - Peak Honour International Ltd<\/h2>\t\t<\/div>\n\t\t\t\t<\/div>\n\t\t\t\t<div class=\"elementor-element elementor-element-56db0e9f elementor-align-center elementor-widget elementor-widget-button\" data-id=\"56db0e9f\" data-element_type=\"widget\" data-widget_type=\"button.default\">\n\t\t\t\t<div class=\"elementor-widget-container\">\n\t\t\t\t\t<div class=\"elementor-button-wrapper\">\n\t\t\t<a class=\"elementor-button elementor-button-link elementor-size-sm\" href=\"https:\/\/www.heinzelmannpro.com\/where-to-buy\/\">\n\t\t\t\t\t\t<span class=\"elementor-button-content-wrapper\">\n\t\t\t\t\t\t<span class=\"elementor-button-text\">ZP\u011aT NA STR\u00c1NKU DISTRIBUTOR\u016e<\/span>\n\t\t<\/span>\n\t\t\t\t\t<\/a>\n\t\t<\/div>\n\t\t\t\t<\/div>\n\t\t\t\t<\/div>\n\t\t\t\t\t<\/div>\n\t\t\t\t<\/div>\n\t\t<div class=\"elementor-element elementor-element-5a1056dd e-flex e-con-boxed e-con e-parent\" data-id=\"5a1056dd\" data-element_type=\"container\" data-settings=\"{&quot;content_width&quot;:&quot;boxed&quot;}\" data-core-v316-plus=\"true\">\n\t\t\t\t\t<div class=\"e-con-inner\">\n\t\t\t\t<div class=\"elementor-element elementor-element-432b79af elementor-widget elementor-widget-image\" data-id=\"432b79af\" data-element_type=\"widget\" data-widget_type=\"image.default\">\n\t\t\t\t<div class=\"elementor-widget-container\">\n\t\t\t<style>\/*! elementor - v3.19.0 - 26-02-2024 *\/\n.elementor-widget-image{text-align:center}.elementor-widget-image a{display:inline-block}.elementor-widget-image a img[src$=\".svg\"]{width:48px}.elementor-widget-image img{vertical-align:middle;display:inline-block}<\/style>\t\t\t\t\t\t\t\t\t\t<img decoding=\"async\" width=\"198\" height=\"57\" src=\"https:\/\/www.heinzelmannpro.com\/wp-content\/uploads\/2023\/10\/HK-PH.jpg\" class=\"attachment-large size-large wp-image-849\" alt=\"\" srcset=\"https:\/\/www.heinzelmannpro.com\/wp-content\/uploads\/2023\/10\/HK-PH.jpg 198w, https:\/\/www.heinzelmannpro.com\/wp-content\/uploads\/2023\/10\/HK-PH-18x5.jpg 18w\" sizes=\"(max-width: 198px) 100vw, 198px\" style=\"width:100%;height:28.79%;max-width:198px\" \/>\t\t\t\t\t\t\t\t\t\t\t\t\t<\/div>\n\t\t\t\t<\/div>\n\t\t\t\t<div class=\"elementor-element elementor-element-71d29c1e elementor-widget elementor-widget-heading\" data-id=\"71d29c1e\" data-element_type=\"widget\" data-widget_type=\"heading.default\">\n\t\t\t\t<div class=\"elementor-widget-container\">\n\t\t\t<h2 class=\"elementor-heading-title elementor-size-default\">Peak Honour International Ltd<\/h2>\t\t<\/div>\n\t\t\t\t<\/div>\n\t\t\t\t<div class=\"elementor-element elementor-element-290b67cf elementor-widget elementor-widget-text-editor\" data-id=\"290b67cf\" data-element_type=\"widget\" data-widget_type=\"text-editor.default\">\n\t\t\t\t<div class=\"elementor-widget-container\">\n\t\t\t<style>\/*! elementor - v3.19.0 - 26-02-2024 *\/\n.elementor-widget-text-editor.elementor-drop-cap-view-stacked .elementor-drop-cap{background-color:#69727d;color:#fff}.elementor-widget-text-editor.elementor-drop-cap-view-framed .elementor-drop-cap{color:#69727d;border:3px solid;background-color:transparent}.elementor-widget-text-editor:not(.elementor-drop-cap-view-default) .elementor-drop-cap{margin-top:8px}.elementor-widget-text-editor:not(.elementor-drop-cap-view-default) .elementor-drop-cap-letter{width:1em;height:1em}.elementor-widget-text-editor .elementor-drop-cap{float:left;text-align:center;line-height:1;font-size:50px}.elementor-widget-text-editor .elementor-drop-cap-letter{display:inline-block}<\/style>\t\t\t\t<ul><li>Room 2506A, 25\/F, Cable TV Tower, 9 Hoi Shing Road, Tsuen Wan, Hong Kong<\/li><li>T: +852 2861 3058<\/li><li>E: headoffice@peak-honour.com<\/li><li>W:\u00a0<a class=\"clink\" href=\"https:\/\/www.peakhonour.com\/\">www.peakhonour.com<\/a><\/li><\/ul>\t\t\t\t\t\t<\/div>\n\t\t\t\t<\/div>\n\t\t\t\t\t<\/div>\n\t\t\t\t<\/div>\n\t\t<div class=\"elementor-element elementor-element-d484e6f e-flex e-con-boxed e-con e-parent\" data-id=\"d484e6f\" data-element_type=\"container\" data-settings=\"{&quot;content_width&quot;:&quot;boxed&quot;}\" data-core-v316-plus=\"true\">\n\t\t\t\t\t<div class=\"e-con-inner\">\n\t\t\t\t<div class=\"elementor-element elementor-element-a6ce42f elementor-widget elementor-widget-heading\" data-id=\"a6ce42f\" data-element_type=\"widget\" data-widget_type=\"heading.default\">\n\t\t\t\t<div class=\"elementor-widget-container\">\n\t\t\t<h4 class=\"elementor-heading-title elementor-size-default\">Cook with Peak Honour<\/h4>\t\t<\/div>\n\t\t\t\t<\/div>\n\t\t\t\t<div class=\"elementor-element elementor-element-5f472e5 elementor-widget elementor-widget-text-editor\" data-id=\"5f472e5\" data-element_type=\"widget\" data-widget_type=\"text-editor.default\">\n\t\t\t\t<div class=\"elementor-widget-container\">\n\t\t\t\t\t\t\t<p><span style=\"color: #808080; font-family: -apple-system, BlinkMacSystemFont, Segoe UI, Roboto, Helvetica, Arial, sans-serif;\"><span style=\"font-size: 14px;\">Fish balls are a familiar and popular snack in Hong Kong, readily available at snack stalls or restaurants. They are often served with a generous coating of thick curry sauce or satay sauce, or enjoyed alongside rice noodles.<\/span><\/span><\/p><p><span style=\"color: #808080; font-family: -apple-system, BlinkMacSystemFont, Segoe UI, Roboto, Helvetica, Arial, sans-serif;\"><span style=\"font-size: 14px;\">The key to producing perfectly bouncy and springy fish balls lies in the preparation of the fish paste, which should have a sticky and gooey texture.<\/span><\/span><\/p><p><span style=\"color: #808080; font-family: -apple-system, BlinkMacSystemFont, Segoe UI, Roboto, Helvetica, Arial, sans-serif;\"><span style=\"font-size: 14px;\">Thanks to the CHEF-X, the process of transforming fish fillets into a sublime fish paste takes just 20 seconds, similar to an hour hand-stirring effect.<\/span><\/span><\/p>\t\t\t\t\t\t<\/div>\n\t\t\t\t<\/div>\n\t\t\t\t<div class=\"elementor-element elementor-element-9bfb62c elementor-widget elementor-widget-video\" data-id=\"9bfb62c\" data-element_type=\"widget\" data-settings=\"{&quot;youtube_url&quot;:&quot;https:\\\/\\\/youtu.be\\\/4kk_g5HheQQ?si=Swe3nFNxA9YgiTvE&quot;,&quot;autoplay&quot;:&quot;yes&quot;,&quot;loop&quot;:&quot;yes&quot;,&quot;video_type&quot;:&quot;youtube&quot;,&quot;controls&quot;:&quot;yes&quot;}\" data-widget_type=\"video.default\">\n\t\t\t\t<div class=\"elementor-widget-container\">\n\t\t\t<style>\/*! elementor - v3.19.0 - 26-02-2024 *\/\n.elementor-widget-video .elementor-widget-container{overflow:hidden;transform:translateZ(0)}.elementor-widget-video .elementor-wrapper{aspect-ratio:var(--video-aspect-ratio)}.elementor-widget-video .elementor-wrapper iframe,.elementor-widget-video .elementor-wrapper video{height:100%;width:100%;display:flex;border:none;background-color:#000}@supports not (aspect-ratio:1\/1){.elementor-widget-video .elementor-wrapper{position:relative;overflow:hidden;height:0;padding-bottom:calc(100% \/ var(--video-aspect-ratio))}.elementor-widget-video .elementor-wrapper iframe,.elementor-widget-video .elementor-wrapper video{position:absolute;top:0;right:0;bottom:0;left:0}}.elementor-widget-video .elementor-open-inline .elementor-custom-embed-image-overlay{position:absolute;top:0;right:0;bottom:0;left:0;background-size:cover;background-position:50%}.elementor-widget-video .elementor-custom-embed-image-overlay{cursor:pointer;text-align:center}.elementor-widget-video .elementor-custom-embed-image-overlay:hover .elementor-custom-embed-play i{opacity:1}.elementor-widget-video .elementor-custom-embed-image-overlay img{display:block;width:100%;aspect-ratio:var(--video-aspect-ratio);-o-object-fit:cover;object-fit:cover;-o-object-position:center center;object-position:center center}@supports not (aspect-ratio:1\/1){.elementor-widget-video .elementor-custom-embed-image-overlay{position:relative;overflow:hidden;height:0;padding-bottom:calc(100% \/ var(--video-aspect-ratio))}.elementor-widget-video .elementor-custom-embed-image-overlay img{position:absolute;top:0;right:0;bottom:0;left:0}}.elementor-widget-video .e-hosted-video .elementor-video{-o-object-fit:cover;object-fit:cover}.e-con-inner>.elementor-widget-video,.e-con>.elementor-widget-video{width:var(--container-widget-width);--flex-grow:var(--container-widget-flex-grow)}<\/style>\t\t<div class=\"elementor-wrapper elementor-open-inline\">\n\t\t\t<div class=\"elementor-video\"><\/div>\t\t<\/div>\n\t\t\t\t<\/div>\n\t\t\t\t<\/div>\n\t\t\t\t\t<\/div>\n\t\t\t\t<\/div>\n\t\t\t\t<\/div>","protected":false},"excerpt":{"rendered":"<p>Where to Buy China &#8211; Hong Kong &#8211; Peak Honour International Ltd BACK TO &#8220;WHERE TO BUY&#8221; PAGE Peak Honour International Ltd Room 2506A, 25\/F, Cable TV Tower, 9 Hoi Shing Road, Tsuen Wan, Hong Kong T: +852 2861 3058 E: headoffice@peak-honour.com W:\u00a0www.peakhonour.com Cook with Peak Honour Fish balls are a familiar and popular snack&hellip; <a class=\"more-link\" href=\"https:\/\/www.heinzelmannpro.com\/cz\/where-to-buy-china-hong-kong-peak-honour-international-ltd\/\">Pokra\u010dovat ve\u00a0\u010dten\u00ed <span class=\"screen-reader-text\">Where-to-Buy-China-Hong-Kong-Peak-Honour-International-Ltd<\/span><\/a><\/p>","protected":false},"author":1,"featured_media":0,"parent":0,"menu_order":0,"comment_status":"closed","ping_status":"closed","template":"elementor_header_footer","meta":{"nf_dc_page":"","om_disable_all_campaigns":false,"_monsterinsights_skip_tracking":false,"_monsterinsights_sitenote_active":false,"_monsterinsights_sitenote_note":"","_monsterinsights_sitenote_category":0,"_uf_show_specific_survey":0,"_uf_disable_surveys":false,"footnotes":""},"yoast_head":"<!-- This site is optimized with the Yoast SEO Premium plugin v21.9 (Yoast SEO v22.7) - https:\/\/yoast.com\/wordpress\/plugins\/seo\/ -->\n<title>Where-to-Buy-China-Hong-Kong-Peak-Honour-International-Ltd - Heinzelmann<\/title>\n<meta name=\"robots\" content=\"index, follow, max-snippet:-1, max-image-preview:large, max-video-preview:-1\" \/>\n<link rel=\"canonical\" href=\"https:\/\/www.heinzelmannpro.com\/cz\/where-to-buy-china-hong-kong-peak-honour-international-ltd\/\" \/>\n<meta property=\"og:locale\" content=\"cs_CZ\" \/>\n<meta property=\"og:type\" content=\"article\" \/>\n<meta property=\"og:title\" content=\"Where-to-Buy-China-Hong-Kong-Peak-Honour-International-Ltd\" \/>\n<meta property=\"og:description\" content=\"Where to Buy China &#8211; Hong Kong &#8211; Peak Honour International Ltd BACK TO &#8220;WHERE TO BUY&#8221; PAGE Peak Honour International Ltd Room 2506A, 25\/F, Cable TV Tower, 9 Hoi Shing Road, Tsuen Wan, Hong Kong T: +852 2861 3058 E: headoffice@peak-honour.com W:\u00a0www.peakhonour.com Cook with Peak Honour Fish balls are a familiar and popular snack&hellip; Pokra\u010dovat ve\u00a0\u010dten\u00ed Where-to-Buy-China-Hong-Kong-Peak-Honour-International-Ltd\" \/>\n<meta property=\"og:url\" content=\"https:\/\/www.heinzelmannpro.com\/cz\/where-to-buy-china-hong-kong-peak-honour-international-ltd\/\" \/>\n<meta property=\"og:site_name\" content=\"Heinzelmann\" \/>\n<meta property=\"article:publisher\" content=\"https:\/\/www.facebook.com\/heinzelmannpro\" \/>\n<meta property=\"article:modified_time\" content=\"2024-07-12T16:32:19+00:00\" \/>\n<meta property=\"og:image\" content=\"https:\/\/www.heinzelmannpro.com\/wp-content\/uploads\/2023\/10\/HK-PH.jpg\" \/>\n<meta name=\"twitter:card\" content=\"summary_large_image\" \/>\n<meta name=\"twitter:label1\" content=\"Odhadovan\u00e1 doba \u010dten\u00ed\" \/>\n\t<meta name=\"twitter:data1\" content=\"1 minuta\" \/>\n<script type=\"application\/ld+json\" class=\"yoast-schema-graph\">{\"@context\":\"https:\/\/schema.org\",\"@graph\":[{\"@type\":\"WebPage\",\"@id\":\"https:\/\/www.heinzelmannpro.com\/where-to-buy-china-hong-kong-peak-honour-international-ltd\/\",\"url\":\"https:\/\/www.heinzelmannpro.com\/where-to-buy-china-hong-kong-peak-honour-international-ltd\/\",\"name\":\"Where-to-Buy-China-Hong-Kong-Peak-Honour-International-Ltd - Heinzelmann\",\"isPartOf\":{\"@id\":\"https:\/\/www.heinzelmannpro.com\/gr\/#website\"},\"primaryImageOfPage\":{\"@id\":\"https:\/\/www.heinzelmannpro.com\/where-to-buy-china-hong-kong-peak-honour-international-ltd\/#primaryimage\"},\"image\":{\"@id\":\"https:\/\/www.heinzelmannpro.com\/where-to-buy-china-hong-kong-peak-honour-international-ltd\/#primaryimage\"},\"thumbnailUrl\":\"https:\/\/www.heinzelmannpro.com\/wp-content\/uploads\/2023\/10\/HK-PH.jpg\",\"datePublished\":\"2023-10-29T05:46:28+00:00\",\"dateModified\":\"2024-07-12T16:32:19+00:00\",\"breadcrumb\":{\"@id\":\"https:\/\/www.heinzelmannpro.com\/where-to-buy-china-hong-kong-peak-honour-international-ltd\/#breadcrumb\"},\"inLanguage\":\"cs\",\"potentialAction\":[{\"@type\":\"ReadAction\",\"target\":[\"https:\/\/www.heinzelmannpro.com\/where-to-buy-china-hong-kong-peak-honour-international-ltd\/\"]}]},{\"@type\":\"ImageObject\",\"inLanguage\":\"cs\",\"@id\":\"https:\/\/www.heinzelmannpro.com\/where-to-buy-china-hong-kong-peak-honour-international-ltd\/#primaryimage\",\"url\":\"https:\/\/www.heinzelmannpro.com\/wp-content\/uploads\/2023\/10\/HK-PH.jpg\",\"contentUrl\":\"https:\/\/www.heinzelmannpro.com\/wp-content\/uploads\/2023\/10\/HK-PH.jpg\"},{\"@type\":\"BreadcrumbList\",\"@id\":\"https:\/\/www.heinzelmannpro.com\/where-to-buy-china-hong-kong-peak-honour-international-ltd\/#breadcrumb\",\"itemListElement\":[{\"@type\":\"ListItem\",\"position\":1,\"name\":\"Home\",\"item\":\"https:\/\/www.heinzelmannpro.com\/\"},{\"@type\":\"ListItem\",\"position\":2,\"name\":\"Where-to-Buy-China-Hong-Kong-Peak-Honour-International-Ltd\"}]},{\"@type\":\"WebSite\",\"@id\":\"https:\/\/www.heinzelmannpro.com\/gr\/#website\",\"url\":\"https:\/\/www.heinzelmannpro.com\/gr\/\",\"name\":\"Heinzelmann\",\"description\":\"\",\"publisher\":{\"@id\":\"https:\/\/www.heinzelmannpro.com\/gr\/#organization\"},\"potentialAction\":[{\"@type\":\"SearchAction\",\"target\":{\"@type\":\"EntryPoint\",\"urlTemplate\":\"https:\/\/www.heinzelmannpro.com\/gr\/?s={search_term_string}\"},\"query-input\":\"required name=search_term_string\"}],\"inLanguage\":\"cs\"},{\"@type\":\"Organization\",\"@id\":\"https:\/\/www.heinzelmannpro.com\/gr\/#organization\",\"name\":\"Heinzelmann\",\"url\":\"https:\/\/www.heinzelmannpro.com\/gr\/\",\"logo\":{\"@type\":\"ImageObject\",\"inLanguage\":\"cs\",\"@id\":\"https:\/\/www.heinzelmannpro.com\/gr\/#\/schema\/logo\/image\/\",\"url\":\"https:\/\/www.heinzelmannpro.com\/wp-content\/uploads\/2023\/10\/HM-Logo3-white.svg\",\"contentUrl\":\"https:\/\/www.heinzelmannpro.com\/wp-content\/uploads\/2023\/10\/HM-Logo3-white.svg\",\"width\":300,\"height\":43,\"caption\":\"Heinzelmann\"},\"image\":{\"@id\":\"https:\/\/www.heinzelmannpro.com\/gr\/#\/schema\/logo\/image\/\"},\"sameAs\":[\"https:\/\/www.facebook.com\/heinzelmannpro\",\"https:\/\/www.instagram.com\/heinzelmann_pro\/\",\"https:\/\/hk.linkedin.com\/showcase\/heinzelmann-pro\/\",\"https:\/\/www.youtube.com\/@heinzelmannde8106\"]}]}<\/script>\n<!-- \/ Yoast SEO Premium plugin. -->","yoast_head_json":{"title":"Where-to-Buy-China-Hong-Kong-Peak-Honour-International-Ltd - Heinzelmann","robots":{"index":"index","follow":"follow","max-snippet":"max-snippet:-1","max-image-preview":"max-image-preview:large","max-video-preview":"max-video-preview:-1"},"canonical":"https:\/\/www.heinzelmannpro.com\/cz\/where-to-buy-china-hong-kong-peak-honour-international-ltd\/","og_locale":"cs_CZ","og_type":"article","og_title":"Where-to-Buy-China-Hong-Kong-Peak-Honour-International-Ltd","og_description":"Where to Buy China &#8211; Hong Kong &#8211; Peak Honour International Ltd BACK TO &#8220;WHERE TO BUY&#8221; PAGE Peak Honour International Ltd Room 2506A, 25\/F, Cable TV Tower, 9 Hoi Shing Road, Tsuen Wan, Hong Kong T: +852 2861 3058 E: headoffice@peak-honour.com W:\u00a0www.peakhonour.com Cook with Peak Honour Fish balls are a familiar and popular snack&hellip; Pokra\u010dovat ve\u00a0\u010dten\u00ed Where-to-Buy-China-Hong-Kong-Peak-Honour-International-Ltd","og_url":"https:\/\/www.heinzelmannpro.com\/cz\/where-to-buy-china-hong-kong-peak-honour-international-ltd\/","og_site_name":"Heinzelmann","article_publisher":"https:\/\/www.facebook.com\/heinzelmannpro","article_modified_time":"2024-07-12T16:32:19+00:00","og_image":[{"url":"https:\/\/www.heinzelmannpro.com\/wp-content\/uploads\/2023\/10\/HK-PH.jpg"}],"twitter_card":"summary_large_image","twitter_misc":{"Odhadovan\u00e1 doba \u010dten\u00ed":"1 minuta"},"schema":{"@context":"https:\/\/schema.org","@graph":[{"@type":"WebPage","@id":"https:\/\/www.heinzelmannpro.com\/where-to-buy-china-hong-kong-peak-honour-international-ltd\/","url":"https:\/\/www.heinzelmannpro.com\/where-to-buy-china-hong-kong-peak-honour-international-ltd\/","name":"Where-to-Buy-China-Hong-Kong-Peak-Honour-International-Ltd - Heinzelmann","isPartOf":{"@id":"https:\/\/www.heinzelmannpro.com\/gr\/#website"},"primaryImageOfPage":{"@id":"https:\/\/www.heinzelmannpro.com\/where-to-buy-china-hong-kong-peak-honour-international-ltd\/#primaryimage"},"image":{"@id":"https:\/\/www.heinzelmannpro.com\/where-to-buy-china-hong-kong-peak-honour-international-ltd\/#primaryimage"},"thumbnailUrl":"https:\/\/www.heinzelmannpro.com\/wp-content\/uploads\/2023\/10\/HK-PH.jpg","datePublished":"2023-10-29T05:46:28+00:00","dateModified":"2024-07-12T16:32:19+00:00","breadcrumb":{"@id":"https:\/\/www.heinzelmannpro.com\/where-to-buy-china-hong-kong-peak-honour-international-ltd\/#breadcrumb"},"inLanguage":"cs","potentialAction":[{"@type":"ReadAction","target":["https:\/\/www.heinzelmannpro.com\/where-to-buy-china-hong-kong-peak-honour-international-ltd\/"]}]},{"@type":"ImageObject","inLanguage":"cs","@id":"https:\/\/www.heinzelmannpro.com\/where-to-buy-china-hong-kong-peak-honour-international-ltd\/#primaryimage","url":"https:\/\/www.heinzelmannpro.com\/wp-content\/uploads\/2023\/10\/HK-PH.jpg","contentUrl":"https:\/\/www.heinzelmannpro.com\/wp-content\/uploads\/2023\/10\/HK-PH.jpg"},{"@type":"BreadcrumbList","@id":"https:\/\/www.heinzelmannpro.com\/where-to-buy-china-hong-kong-peak-honour-international-ltd\/#breadcrumb","itemListElement":[{"@type":"ListItem","position":1,"name":"Home","item":"https:\/\/www.heinzelmannpro.com\/"},{"@type":"ListItem","position":2,"name":"Where-to-Buy-China-Hong-Kong-Peak-Honour-International-Ltd"}]},{"@type":"WebSite","@id":"https:\/\/www.heinzelmannpro.com\/gr\/#website","url":"https:\/\/www.heinzelmannpro.com\/gr\/","name":"Heinzelmann","description":"","publisher":{"@id":"https:\/\/www.heinzelmannpro.com\/gr\/#organization"},"potentialAction":[{"@type":"SearchAction","target":{"@type":"EntryPoint","urlTemplate":"https:\/\/www.heinzelmannpro.com\/gr\/?s={search_term_string}"},"query-input":"required name=search_term_string"}],"inLanguage":"cs"},{"@type":"Organization","@id":"https:\/\/www.heinzelmannpro.com\/gr\/#organization","name":"Heinzelmann","url":"https:\/\/www.heinzelmannpro.com\/gr\/","logo":{"@type":"ImageObject","inLanguage":"cs","@id":"https:\/\/www.heinzelmannpro.com\/gr\/#\/schema\/logo\/image\/","url":"https:\/\/www.heinzelmannpro.com\/wp-content\/uploads\/2023\/10\/HM-Logo3-white.svg","contentUrl":"https:\/\/www.heinzelmannpro.com\/wp-content\/uploads\/2023\/10\/HM-Logo3-white.svg","width":300,"height":43,"caption":"Heinzelmann"},"image":{"@id":"https:\/\/www.heinzelmannpro.com\/gr\/#\/schema\/logo\/image\/"},"sameAs":["https:\/\/www.facebook.com\/heinzelmannpro","https:\/\/www.instagram.com\/heinzelmann_pro\/","https:\/\/hk.linkedin.com\/showcase\/heinzelmann-pro\/","https:\/\/www.youtube.com\/@heinzelmannde8106"]}]}},"_links":{"self":[{"href":"https:\/\/www.heinzelmannpro.com\/cz\/wp-json\/wp\/v2\/pages\/869"}],"collection":[{"href":"https:\/\/www.heinzelmannpro.com\/cz\/wp-json\/wp\/v2\/pages"}],"about":[{"href":"https:\/\/www.heinzelmannpro.com\/cz\/wp-json\/wp\/v2\/types\/page"}],"author":[{"embeddable":true,"href":"https:\/\/www.heinzelmannpro.com\/cz\/wp-json\/wp\/v2\/users\/1"}],"replies":[{"embeddable":true,"href":"https:\/\/www.heinzelmannpro.com\/cz\/wp-json\/wp\/v2\/comments?post=869"}],"version-history":[{"count":5,"href":"https:\/\/www.heinzelmannpro.com\/cz\/wp-json\/wp\/v2\/pages\/869\/revisions"}],"predecessor-version":[{"id":8455,"href":"https:\/\/www.heinzelmannpro.com\/cz\/wp-json\/wp\/v2\/pages\/869\/revisions\/8455"}],"wp:attachment":[{"href":"https:\/\/www.heinzelmannpro.com\/cz\/wp-json\/wp\/v2\/media?parent=869"}],"curies":[{"name":"wp","href":"https:\/\/api.w.org\/{rel}","templated":true}]}}