{"id":751,"date":"2023-10-28T15:40:40","date_gmt":"2023-10-28T15:40:40","guid":{"rendered":"https:\/\/wp.proja.sourcedemo.com\/?page_id=751"},"modified":"2026-02-20T15:18:49","modified_gmt":"2026-02-20T15:18:49","slug":"where-to-buy-romania","status":"publish","type":"page","link":"https:\/\/www.heinzelmannpro.com\/cz\/where-to-buy-romania\/","title":{"rendered":"Where-to-Buy-Romania"},"content":{"rendered":"<div data-elementor-type=\"wp-page\" data-elementor-id=\"751\" class=\"elementor elementor-751\" data-elementor-post-type=\"page\">\n\t\t\t\t<div class=\"elementor-element elementor-element-7703bbe0 e-flex e-con-boxed e-con e-parent\" data-id=\"7703bbe0\" data-element_type=\"container\" data-settings=\"{&quot;content_width&quot;:&quot;boxed&quot;}\" data-core-v316-plus=\"true\">\n\t\t\t\t\t<div class=\"e-con-inner\">\n\t\t\t\t<div class=\"elementor-element elementor-element-700e0794 elementor-widget elementor-widget-heading\" data-id=\"700e0794\" data-element_type=\"widget\" data-widget_type=\"heading.default\">\n\t\t\t\t<div class=\"elementor-widget-container\">\n\t\t\t<style>\/*! elementor - v3.19.0 - 26-02-2024 *\/\n.elementor-heading-title{padding:0;margin:0;line-height:1}.elementor-widget-heading .elementor-heading-title[class*=elementor-size-]>a{color:inherit;font-size:inherit;line-height:inherit}.elementor-widget-heading .elementor-heading-title.elementor-size-small{font-size:15px}.elementor-widget-heading .elementor-heading-title.elementor-size-medium{font-size:19px}.elementor-widget-heading .elementor-heading-title.elementor-size-large{font-size:29px}.elementor-widget-heading .elementor-heading-title.elementor-size-xl{font-size:39px}.elementor-widget-heading .elementor-heading-title.elementor-size-xxl{font-size:59px}<\/style><h2 class=\"elementor-heading-title elementor-size-default\">Kde koupit<\/h2>\t\t<\/div>\n\t\t\t\t<\/div>\n\t\t\t\t<div class=\"elementor-element elementor-element-5ed2f960 elementor-widget elementor-widget-heading\" data-id=\"5ed2f960\" data-element_type=\"widget\" data-widget_type=\"heading.default\">\n\t\t\t\t<div class=\"elementor-widget-container\">\n\t\t\t<h2 class=\"elementor-heading-title elementor-size-default\">Rumunsko<\/h2>\t\t<\/div>\n\t\t\t\t<\/div>\n\t\t\t\t<div class=\"elementor-element elementor-element-c75c7c elementor-align-center elementor-widget elementor-widget-button\" data-id=\"c75c7c\" data-element_type=\"widget\" data-widget_type=\"button.default\">\n\t\t\t\t<div class=\"elementor-widget-container\">\n\t\t\t\t\t<div class=\"elementor-button-wrapper\">\n\t\t\t<a class=\"elementor-button elementor-button-link elementor-size-sm\" href=\"https:\/\/www.heinzelmannpro.com\/where-to-buy\/\">\n\t\t\t\t\t\t<span class=\"elementor-button-content-wrapper\">\n\t\t\t\t\t\t<span class=\"elementor-button-text\">ZP\u011aT NA STR\u00c1NKU DISTRIBUTOR\u016e<\/span>\n\t\t<\/span>\n\t\t\t\t\t<\/a>\n\t\t<\/div>\n\t\t\t\t<\/div>\n\t\t\t\t<\/div>\n\t\t\t\t\t<\/div>\n\t\t\t\t<\/div>\n\t\t<div class=\"elementor-element elementor-element-7e0a5ea0 e-flex e-con-boxed e-con e-parent\" data-id=\"7e0a5ea0\" data-element_type=\"container\" data-settings=\"{&quot;content_width&quot;:&quot;boxed&quot;}\" data-core-v316-plus=\"true\">\n\t\t\t\t\t<div class=\"e-con-inner\">\n\t\t\t\t<div class=\"elementor-element elementor-element-7acb4568 elementor-widget elementor-widget-image\" data-id=\"7acb4568\" data-element_type=\"widget\" data-widget_type=\"image.default\">\n\t\t\t\t<div class=\"elementor-widget-container\">\n\t\t\t<style>\/*! elementor - v3.19.0 - 26-02-2024 *\/\n.elementor-widget-image{text-align:center}.elementor-widget-image a{display:inline-block}.elementor-widget-image a img[src$=\".svg\"]{width:48px}.elementor-widget-image img{vertical-align:middle;display:inline-block}<\/style>\t\t\t\t\t\t\t\t\t\t<img decoding=\"async\" width=\"198\" height=\"57\" src=\"https:\/\/www.heinzelmannpro.com\/wp-content\/uploads\/2023\/10\/RO-BC.png\" class=\"attachment-large size-large wp-image-754\" alt=\"\" srcset=\"https:\/\/www.heinzelmannpro.com\/wp-content\/uploads\/2023\/10\/RO-BC.png 198w, https:\/\/www.heinzelmannpro.com\/wp-content\/uploads\/2023\/10\/RO-BC-18x5.png 18w\" sizes=\"(max-width: 198px) 100vw, 198px\" style=\"width:100%;height:28.79%;max-width:198px\" \/>\t\t\t\t\t\t\t\t\t\t\t\t\t<\/div>\n\t\t\t\t<\/div>\n\t\t\t\t<div class=\"elementor-element elementor-element-3a7c2f8c elementor-widget elementor-widget-heading\" data-id=\"3a7c2f8c\" data-element_type=\"widget\" data-widget_type=\"heading.default\">\n\t\t\t\t<div class=\"elementor-widget-container\">\n\t\t\t<h2 class=\"elementor-heading-title elementor-size-default\">Bilancia Exim Srl<\/h2>\t\t<\/div>\n\t\t\t\t<\/div>\n\t\t\t\t<div class=\"elementor-element elementor-element-1a02ee32 elementor-widget elementor-widget-text-editor\" data-id=\"1a02ee32\" data-element_type=\"widget\" data-widget_type=\"text-editor.default\">\n\t\t\t\t<div class=\"elementor-widget-container\">\n\t\t\t<style>\/*! elementor - v3.19.0 - 26-02-2024 *\/\n.elementor-widget-text-editor.elementor-drop-cap-view-stacked .elementor-drop-cap{background-color:#69727d;color:#fff}.elementor-widget-text-editor.elementor-drop-cap-view-framed .elementor-drop-cap{color:#69727d;border:3px solid;background-color:transparent}.elementor-widget-text-editor:not(.elementor-drop-cap-view-default) .elementor-drop-cap{margin-top:8px}.elementor-widget-text-editor:not(.elementor-drop-cap-view-default) .elementor-drop-cap-letter{width:1em;height:1em}.elementor-widget-text-editor .elementor-drop-cap{float:left;text-align:center;line-height:1;font-size:50px}.elementor-widget-text-editor .elementor-drop-cap-letter{display:inline-block}<\/style>\t\t\t\t<ul><li>DN1 Bucuresti-Ploiesti Highway, Km 19.3, Corbeanca, Ilfov, 46 Balantei str. Romania<\/li><li>T: +40 21-352 88 88<\/li><li>E: vanzari@bilancia.ro<\/li><\/ul>\t\t\t\t\t\t<\/div>\n\t\t\t\t<\/div>\n\t\t<div class=\"elementor-element elementor-element-570e045 e-flex e-con-boxed e-con e-child\" data-id=\"570e045\" data-element_type=\"container\" data-settings=\"{&quot;content_width&quot;:&quot;boxed&quot;}\">\n\t\t\t\t\t<div class=\"e-con-inner\">\n\t\t\t\t<div class=\"elementor-element elementor-element-287c198 elementor-widget elementor-widget-image\" data-id=\"287c198\" data-element_type=\"widget\" data-widget_type=\"image.default\">\n\t\t\t\t<div class=\"elementor-widget-container\">\n\t\t\t\t\t\t\t\t\t\t\t\t\t<img decoding=\"async\" width=\"300\" height=\"56\" src=\"https:\/\/www.heinzelmannpro.com\/wp-content\/uploads\/2024\/11\/HM-logo-full-grey-300x56.png\" class=\"attachment-medium size-medium wp-image-9179\" alt=\"\" srcset=\"https:\/\/www.heinzelmannpro.com\/wp-content\/uploads\/2024\/11\/HM-logo-full-grey-300x56.png 300w, https:\/\/www.heinzelmannpro.com\/wp-content\/uploads\/2024\/11\/HM-logo-full-grey-1024x191.png 1024w, https:\/\/www.heinzelmannpro.com\/wp-content\/uploads\/2024\/11\/HM-logo-full-grey-768x143.png 768w, https:\/\/www.heinzelmannpro.com\/wp-content\/uploads\/2024\/11\/HM-logo-full-grey-18x3.png 18w, https:\/\/www.heinzelmannpro.com\/wp-content\/uploads\/2024\/11\/HM-logo-full-grey.png 1527w\" sizes=\"(max-width: 300px) 100vw, 300px\" style=\"width:100%;height:18.66%;max-width:1527px\" \/>\t\t\t\t\t\t\t\t\t\t\t\t\t<\/div>\n\t\t\t\t<\/div>\n\t\t\t\t<div class=\"elementor-element elementor-element-caadf5e elementor-widget elementor-widget-text-editor\" data-id=\"caadf5e\" data-element_type=\"widget\" data-widget_type=\"text-editor.default\">\n\t\t\t\t<div class=\"elementor-widget-container\">\n\t\t\t\t\t\t\t<p>Please contact Mr <strong>Eike-Christian Hofschroeer<\/strong> if you have any enquiry regarding to Sales \/ Distribution <\/p><ul><li><a class=\"clink\" href=\"mailto:eike.hofschroeer@heinzelmannpro.com\">eike.hofschroeer@heinzelmannpro.com<\/a><\/li><\/ul>\t\t\t\t\t\t<\/div>\n\t\t\t\t<\/div>\n\t\t\t\t\t<\/div>\n\t\t\t\t<\/div>\n\t\t\t\t\t<\/div>\n\t\t\t\t<\/div>\n\t\t<div class=\"elementor-element elementor-element-4c45c6e e-flex e-con-boxed e-con e-parent\" data-id=\"4c45c6e\" data-element_type=\"container\" data-settings=\"{&quot;content_width&quot;:&quot;boxed&quot;}\" data-core-v316-plus=\"true\">\n\t\t\t\t\t<div class=\"e-con-inner\">\n\t\t\t\t<div class=\"elementor-element elementor-element-3969a0e elementor-widget elementor-widget-heading\" data-id=\"3969a0e\" data-element_type=\"widget\" data-widget_type=\"heading.default\">\n\t\t\t\t<div class=\"elementor-widget-container\">\n\t\t\t<h4 class=\"elementor-heading-title elementor-size-default\">Cook with Bilancia<\/h4>\t\t<\/div>\n\t\t\t\t<\/div>\n\t\t\t\t<div class=\"elementor-element elementor-element-b1e1d18 elementor-widget elementor-widget-text-editor\" data-id=\"b1e1d18\" data-element_type=\"widget\" data-widget_type=\"text-editor.default\">\n\t\t\t\t<div class=\"elementor-widget-container\">\n\t\t\t\t\t\t\t<p><span style=\"color: #808080; font-family: -apple-system, BlinkMacSystemFont, Segoe UI, Roboto, Helvetica, Arial, sans-serif;\"><span style=\"font-size: 14px;\">Zacusca, a beloved Romanian spread, is a vibrant blend of roasted eggplant and red peppers.<\/span><\/span><\/p><p><span style=\"color: #808080; font-family: -apple-system, BlinkMacSystemFont, Segoe UI, Roboto, Helvetica, Arial, sans-serif;\"><span style=\"font-size: 14px;\">Often enjoyed as a topping for bread, it also shines as a relish for meats. While often categorized as a spread, it can also be considered a sauce or salsa, similar to its Serbian counterpart, Ajvar.<\/span><\/span><\/p><p><span style=\"color: #808080; font-family: -apple-system, BlinkMacSystemFont, Segoe UI, Roboto, Helvetica, Arial, sans-serif;\"><span style=\"font-size: 14px;\">CHEF-X provides the flexibility to achieve your desired Zacusca texture, with 10 speed settings to create everything from chunky spreads to silky pastes.<\/span><\/span><\/p>\t\t\t\t\t\t<\/div>\n\t\t\t\t<\/div>\n\t\t\t\t<div class=\"elementor-element elementor-element-7bdfe3e elementor-widget elementor-widget-video\" data-id=\"7bdfe3e\" data-element_type=\"widget\" data-settings=\"{&quot;youtube_url&quot;:&quot;https:\\\/\\\/youtu.be\\\/xFHAwK_IT3s?si=dfAlikYDnS7ctDEI&quot;,&quot;autoplay&quot;:&quot;yes&quot;,&quot;loop&quot;:&quot;yes&quot;,&quot;video_type&quot;:&quot;youtube&quot;,&quot;controls&quot;:&quot;yes&quot;}\" data-widget_type=\"video.default\">\n\t\t\t\t<div class=\"elementor-widget-container\">\n\t\t\t<style>\/*! elementor - v3.19.0 - 26-02-2024 *\/\n.elementor-widget-video .elementor-widget-container{overflow:hidden;transform:translateZ(0)}.elementor-widget-video .elementor-wrapper{aspect-ratio:var(--video-aspect-ratio)}.elementor-widget-video .elementor-wrapper iframe,.elementor-widget-video .elementor-wrapper video{height:100%;width:100%;display:flex;border:none;background-color:#000}@supports not (aspect-ratio:1\/1){.elementor-widget-video .elementor-wrapper{position:relative;overflow:hidden;height:0;padding-bottom:calc(100% \/ var(--video-aspect-ratio))}.elementor-widget-video .elementor-wrapper iframe,.elementor-widget-video .elementor-wrapper video{position:absolute;top:0;right:0;bottom:0;left:0}}.elementor-widget-video .elementor-open-inline .elementor-custom-embed-image-overlay{position:absolute;top:0;right:0;bottom:0;left:0;background-size:cover;background-position:50%}.elementor-widget-video .elementor-custom-embed-image-overlay{cursor:pointer;text-align:center}.elementor-widget-video .elementor-custom-embed-image-overlay:hover .elementor-custom-embed-play i{opacity:1}.elementor-widget-video .elementor-custom-embed-image-overlay img{display:block;width:100%;aspect-ratio:var(--video-aspect-ratio);-o-object-fit:cover;object-fit:cover;-o-object-position:center center;object-position:center center}@supports not (aspect-ratio:1\/1){.elementor-widget-video .elementor-custom-embed-image-overlay{position:relative;overflow:hidden;height:0;padding-bottom:calc(100% \/ var(--video-aspect-ratio))}.elementor-widget-video .elementor-custom-embed-image-overlay img{position:absolute;top:0;right:0;bottom:0;left:0}}.elementor-widget-video .e-hosted-video .elementor-video{-o-object-fit:cover;object-fit:cover}.e-con-inner>.elementor-widget-video,.e-con>.elementor-widget-video{width:var(--container-widget-width);--flex-grow:var(--container-widget-flex-grow)}<\/style>\t\t<div class=\"elementor-wrapper elementor-open-inline\">\n\t\t\t<div class=\"elementor-video\"><\/div>\t\t<\/div>\n\t\t\t\t<\/div>\n\t\t\t\t<\/div>\n\t\t\t\t\t<\/div>\n\t\t\t\t<\/div>\n\t\t\t\t<\/div>","protected":false},"excerpt":{"rendered":"<p>Where to Buy Romania BACK TO &#8220;WHERE TO BUY&#8221; PAGE Bilancia Exim Srl DN1 Bucuresti-Ploiesti Highway, Km 19.3, Corbeanca, Ilfov, 46 Balantei str. Romania T: +40 21-352 88 88 E: vanzari@bilancia.ro Please contact Mr Eike-Christian Hofschroeer if you have any enquiry regarding to Sales \/ Distribution eike.hofschroeer@heinzelmannpro.com Cook with Bilancia Zacusca, a beloved Romanian spread,&hellip; <a class=\"more-link\" href=\"https:\/\/www.heinzelmannpro.com\/cz\/where-to-buy-romania\/\">Pokra\u010dovat ve\u00a0\u010dten\u00ed <span class=\"screen-reader-text\">Where-to-Buy-Romania<\/span><\/a><\/p>","protected":false},"author":1,"featured_media":0,"parent":0,"menu_order":0,"comment_status":"closed","ping_status":"closed","template":"elementor_header_footer","meta":{"nf_dc_page":"","om_disable_all_campaigns":false,"_monsterinsights_skip_tracking":false,"_monsterinsights_sitenote_active":false,"_monsterinsights_sitenote_note":"","_monsterinsights_sitenote_category":0,"_uf_show_specific_survey":0,"_uf_disable_surveys":false,"footnotes":""},"yoast_head":"<!-- This site is optimized with the Yoast SEO Premium plugin v21.9 (Yoast SEO v22.7) - https:\/\/yoast.com\/wordpress\/plugins\/seo\/ -->\n<title>Where-to-Buy-Romania - Heinzelmann<\/title>\n<meta name=\"robots\" content=\"index, follow, max-snippet:-1, max-image-preview:large, max-video-preview:-1\" \/>\n<link rel=\"canonical\" href=\"https:\/\/www.heinzelmannpro.com\/cz\/where-to-buy-romania\/\" \/>\n<meta property=\"og:locale\" content=\"cs_CZ\" \/>\n<meta property=\"og:type\" content=\"article\" \/>\n<meta property=\"og:title\" content=\"Where-to-Buy-Romania\" \/>\n<meta property=\"og:description\" content=\"Where to Buy Romania BACK TO &#8220;WHERE TO BUY&#8221; PAGE Bilancia Exim Srl DN1 Bucuresti-Ploiesti Highway, Km 19.3, Corbeanca, Ilfov, 46 Balantei str. Romania T: +40 21-352 88 88 E: vanzari@bilancia.ro Please contact Mr Eike-Christian Hofschroeer if you have any enquiry regarding to Sales \/ Distribution eike.hofschroeer@heinzelmannpro.com Cook with Bilancia Zacusca, a beloved Romanian spread,&hellip; Pokra\u010dovat ve\u00a0\u010dten\u00ed Where-to-Buy-Romania\" \/>\n<meta property=\"og:url\" content=\"https:\/\/www.heinzelmannpro.com\/cz\/where-to-buy-romania\/\" \/>\n<meta property=\"og:site_name\" content=\"Heinzelmann\" \/>\n<meta property=\"article:publisher\" content=\"https:\/\/www.facebook.com\/heinzelmannpro\" \/>\n<meta property=\"article:modified_time\" content=\"2026-02-20T15:18:49+00:00\" \/>\n<meta property=\"og:image\" content=\"https:\/\/www.heinzelmannpro.com\/wp-content\/uploads\/2023\/10\/RO-BC.png\" \/>\n<meta name=\"twitter:card\" content=\"summary_large_image\" \/>\n<meta name=\"twitter:label1\" content=\"Odhadovan\u00e1 doba \u010dten\u00ed\" \/>\n\t<meta name=\"twitter:data1\" content=\"1 minuta\" \/>\n<script type=\"application\/ld+json\" class=\"yoast-schema-graph\">{\"@context\":\"https:\/\/schema.org\",\"@graph\":[{\"@type\":\"WebPage\",\"@id\":\"https:\/\/www.heinzelmannpro.com\/where-to-buy-romania\/\",\"url\":\"https:\/\/www.heinzelmannpro.com\/where-to-buy-romania\/\",\"name\":\"Where-to-Buy-Romania - Heinzelmann\",\"isPartOf\":{\"@id\":\"https:\/\/www.heinzelmannpro.com\/gr\/#website\"},\"primaryImageOfPage\":{\"@id\":\"https:\/\/www.heinzelmannpro.com\/where-to-buy-romania\/#primaryimage\"},\"image\":{\"@id\":\"https:\/\/www.heinzelmannpro.com\/where-to-buy-romania\/#primaryimage\"},\"thumbnailUrl\":\"https:\/\/www.heinzelmannpro.com\/wp-content\/uploads\/2023\/10\/RO-BC.png\",\"datePublished\":\"2023-10-28T15:40:40+00:00\",\"dateModified\":\"2026-02-20T15:18:49+00:00\",\"breadcrumb\":{\"@id\":\"https:\/\/www.heinzelmannpro.com\/where-to-buy-romania\/#breadcrumb\"},\"inLanguage\":\"cs\",\"potentialAction\":[{\"@type\":\"ReadAction\",\"target\":[\"https:\/\/www.heinzelmannpro.com\/where-to-buy-romania\/\"]}]},{\"@type\":\"ImageObject\",\"inLanguage\":\"cs\",\"@id\":\"https:\/\/www.heinzelmannpro.com\/where-to-buy-romania\/#primaryimage\",\"url\":\"https:\/\/www.heinzelmannpro.com\/wp-content\/uploads\/2023\/10\/RO-BC.png\",\"contentUrl\":\"https:\/\/www.heinzelmannpro.com\/wp-content\/uploads\/2023\/10\/RO-BC.png\"},{\"@type\":\"BreadcrumbList\",\"@id\":\"https:\/\/www.heinzelmannpro.com\/where-to-buy-romania\/#breadcrumb\",\"itemListElement\":[{\"@type\":\"ListItem\",\"position\":1,\"name\":\"Home\",\"item\":\"https:\/\/www.heinzelmannpro.com\/\"},{\"@type\":\"ListItem\",\"position\":2,\"name\":\"Where-to-Buy-Romania\"}]},{\"@type\":\"WebSite\",\"@id\":\"https:\/\/www.heinzelmannpro.com\/gr\/#website\",\"url\":\"https:\/\/www.heinzelmannpro.com\/gr\/\",\"name\":\"Heinzelmann\",\"description\":\"\",\"publisher\":{\"@id\":\"https:\/\/www.heinzelmannpro.com\/gr\/#organization\"},\"potentialAction\":[{\"@type\":\"SearchAction\",\"target\":{\"@type\":\"EntryPoint\",\"urlTemplate\":\"https:\/\/www.heinzelmannpro.com\/gr\/?s={search_term_string}\"},\"query-input\":\"required name=search_term_string\"}],\"inLanguage\":\"cs\"},{\"@type\":\"Organization\",\"@id\":\"https:\/\/www.heinzelmannpro.com\/gr\/#organization\",\"name\":\"Heinzelmann\",\"url\":\"https:\/\/www.heinzelmannpro.com\/gr\/\",\"logo\":{\"@type\":\"ImageObject\",\"inLanguage\":\"cs\",\"@id\":\"https:\/\/www.heinzelmannpro.com\/gr\/#\/schema\/logo\/image\/\",\"url\":\"https:\/\/www.heinzelmannpro.com\/wp-content\/uploads\/2023\/10\/HM-Logo3-white.svg\",\"contentUrl\":\"https:\/\/www.heinzelmannpro.com\/wp-content\/uploads\/2023\/10\/HM-Logo3-white.svg\",\"width\":300,\"height\":43,\"caption\":\"Heinzelmann\"},\"image\":{\"@id\":\"https:\/\/www.heinzelmannpro.com\/gr\/#\/schema\/logo\/image\/\"},\"sameAs\":[\"https:\/\/www.facebook.com\/heinzelmannpro\",\"https:\/\/www.instagram.com\/heinzelmann_pro\/\",\"https:\/\/hk.linkedin.com\/showcase\/heinzelmann-pro\/\",\"https:\/\/www.youtube.com\/@heinzelmannde8106\"]}]}<\/script>\n<!-- \/ Yoast SEO Premium plugin. -->","yoast_head_json":{"title":"Where-to-Buy-Romania - Heinzelmann","robots":{"index":"index","follow":"follow","max-snippet":"max-snippet:-1","max-image-preview":"max-image-preview:large","max-video-preview":"max-video-preview:-1"},"canonical":"https:\/\/www.heinzelmannpro.com\/cz\/where-to-buy-romania\/","og_locale":"cs_CZ","og_type":"article","og_title":"Where-to-Buy-Romania","og_description":"Where to Buy Romania BACK TO &#8220;WHERE TO BUY&#8221; PAGE Bilancia Exim Srl DN1 Bucuresti-Ploiesti Highway, Km 19.3, Corbeanca, Ilfov, 46 Balantei str. Romania T: +40 21-352 88 88 E: vanzari@bilancia.ro Please contact Mr Eike-Christian Hofschroeer if you have any enquiry regarding to Sales \/ Distribution eike.hofschroeer@heinzelmannpro.com Cook with Bilancia Zacusca, a beloved Romanian spread,&hellip; Pokra\u010dovat ve\u00a0\u010dten\u00ed Where-to-Buy-Romania","og_url":"https:\/\/www.heinzelmannpro.com\/cz\/where-to-buy-romania\/","og_site_name":"Heinzelmann","article_publisher":"https:\/\/www.facebook.com\/heinzelmannpro","article_modified_time":"2026-02-20T15:18:49+00:00","og_image":[{"url":"https:\/\/www.heinzelmannpro.com\/wp-content\/uploads\/2023\/10\/RO-BC.png"}],"twitter_card":"summary_large_image","twitter_misc":{"Odhadovan\u00e1 doba \u010dten\u00ed":"1 minuta"},"schema":{"@context":"https:\/\/schema.org","@graph":[{"@type":"WebPage","@id":"https:\/\/www.heinzelmannpro.com\/where-to-buy-romania\/","url":"https:\/\/www.heinzelmannpro.com\/where-to-buy-romania\/","name":"Where-to-Buy-Romania - Heinzelmann","isPartOf":{"@id":"https:\/\/www.heinzelmannpro.com\/gr\/#website"},"primaryImageOfPage":{"@id":"https:\/\/www.heinzelmannpro.com\/where-to-buy-romania\/#primaryimage"},"image":{"@id":"https:\/\/www.heinzelmannpro.com\/where-to-buy-romania\/#primaryimage"},"thumbnailUrl":"https:\/\/www.heinzelmannpro.com\/wp-content\/uploads\/2023\/10\/RO-BC.png","datePublished":"2023-10-28T15:40:40+00:00","dateModified":"2026-02-20T15:18:49+00:00","breadcrumb":{"@id":"https:\/\/www.heinzelmannpro.com\/where-to-buy-romania\/#breadcrumb"},"inLanguage":"cs","potentialAction":[{"@type":"ReadAction","target":["https:\/\/www.heinzelmannpro.com\/where-to-buy-romania\/"]}]},{"@type":"ImageObject","inLanguage":"cs","@id":"https:\/\/www.heinzelmannpro.com\/where-to-buy-romania\/#primaryimage","url":"https:\/\/www.heinzelmannpro.com\/wp-content\/uploads\/2023\/10\/RO-BC.png","contentUrl":"https:\/\/www.heinzelmannpro.com\/wp-content\/uploads\/2023\/10\/RO-BC.png"},{"@type":"BreadcrumbList","@id":"https:\/\/www.heinzelmannpro.com\/where-to-buy-romania\/#breadcrumb","itemListElement":[{"@type":"ListItem","position":1,"name":"Home","item":"https:\/\/www.heinzelmannpro.com\/"},{"@type":"ListItem","position":2,"name":"Where-to-Buy-Romania"}]},{"@type":"WebSite","@id":"https:\/\/www.heinzelmannpro.com\/gr\/#website","url":"https:\/\/www.heinzelmannpro.com\/gr\/","name":"Heinzelmann","description":"","publisher":{"@id":"https:\/\/www.heinzelmannpro.com\/gr\/#organization"},"potentialAction":[{"@type":"SearchAction","target":{"@type":"EntryPoint","urlTemplate":"https:\/\/www.heinzelmannpro.com\/gr\/?s={search_term_string}"},"query-input":"required name=search_term_string"}],"inLanguage":"cs"},{"@type":"Organization","@id":"https:\/\/www.heinzelmannpro.com\/gr\/#organization","name":"Heinzelmann","url":"https:\/\/www.heinzelmannpro.com\/gr\/","logo":{"@type":"ImageObject","inLanguage":"cs","@id":"https:\/\/www.heinzelmannpro.com\/gr\/#\/schema\/logo\/image\/","url":"https:\/\/www.heinzelmannpro.com\/wp-content\/uploads\/2023\/10\/HM-Logo3-white.svg","contentUrl":"https:\/\/www.heinzelmannpro.com\/wp-content\/uploads\/2023\/10\/HM-Logo3-white.svg","width":300,"height":43,"caption":"Heinzelmann"},"image":{"@id":"https:\/\/www.heinzelmannpro.com\/gr\/#\/schema\/logo\/image\/"},"sameAs":["https:\/\/www.facebook.com\/heinzelmannpro","https:\/\/www.instagram.com\/heinzelmann_pro\/","https:\/\/hk.linkedin.com\/showcase\/heinzelmann-pro\/","https:\/\/www.youtube.com\/@heinzelmannde8106"]}]}},"_links":{"self":[{"href":"https:\/\/www.heinzelmannpro.com\/cz\/wp-json\/wp\/v2\/pages\/751"}],"collection":[{"href":"https:\/\/www.heinzelmannpro.com\/cz\/wp-json\/wp\/v2\/pages"}],"about":[{"href":"https:\/\/www.heinzelmannpro.com\/cz\/wp-json\/wp\/v2\/types\/page"}],"author":[{"embeddable":true,"href":"https:\/\/www.heinzelmannpro.com\/cz\/wp-json\/wp\/v2\/users\/1"}],"replies":[{"embeddable":true,"href":"https:\/\/www.heinzelmannpro.com\/cz\/wp-json\/wp\/v2\/comments?post=751"}],"version-history":[{"count":5,"href":"https:\/\/www.heinzelmannpro.com\/cz\/wp-json\/wp\/v2\/pages\/751\/revisions"}],"predecessor-version":[{"id":11412,"href":"https:\/\/www.heinzelmannpro.com\/cz\/wp-json\/wp\/v2\/pages\/751\/revisions\/11412"}],"wp:attachment":[{"href":"https:\/\/www.heinzelmannpro.com\/cz\/wp-json\/wp\/v2\/media?parent=751"}],"curies":[{"name":"wp","href":"https:\/\/api.w.org\/{rel}","templated":true}]}}