{"id":4980,"date":"2023-12-18T14:27:58","date_gmt":"2023-12-18T14:27:58","guid":{"rendered":"https:\/\/wp.proja.sourcedemo.com\/?page_id=4980"},"modified":"2023-12-19T02:03:58","modified_gmt":"2023-12-19T02:03:58","slug":"country-list","status":"publish","type":"page","link":"https:\/\/www.heinzelmannpro.com\/cz\/country-list\/","title":{"rendered":"COUNTRY LIST"},"content":{"rendered":"<div data-elementor-type=\"wp-page\" data-elementor-id=\"4980\" class=\"elementor elementor-4980\" data-elementor-post-type=\"page\">\n\t\t\t\t<div class=\"elementor-element elementor-element-719baf0 e-flex e-con-boxed e-con e-parent\" data-id=\"719baf0\" data-element_type=\"container\" data-settings=\"{&quot;content_width&quot;:&quot;boxed&quot;}\" data-core-v316-plus=\"true\">\n\t\t\t\t\t<div class=\"e-con-inner\">\n\t\t\t\t<div class=\"elementor-element elementor-element-7b7600a elementor-widget elementor-widget-text-editor\" data-id=\"7b7600a\" data-element_type=\"widget\" data-widget_type=\"text-editor.default\">\n\t\t\t\t<div class=\"elementor-widget-container\">\n\t\t\t<style>\/*! elementor - v3.19.0 - 26-02-2024 *\/\n.elementor-widget-text-editor.elementor-drop-cap-view-stacked .elementor-drop-cap{background-color:#69727d;color:#fff}.elementor-widget-text-editor.elementor-drop-cap-view-framed .elementor-drop-cap{color:#69727d;border:3px solid;background-color:transparent}.elementor-widget-text-editor:not(.elementor-drop-cap-view-default) .elementor-drop-cap{margin-top:8px}.elementor-widget-text-editor:not(.elementor-drop-cap-view-default) .elementor-drop-cap-letter{width:1em;height:1em}.elementor-widget-text-editor .elementor-drop-cap{float:left;text-align:center;line-height:1;font-size:50px}.elementor-widget-text-editor .elementor-drop-cap-letter{display:inline-block}<\/style>\t\t\t\t<p>Zadejte svou zemi<\/p><p>Afgh\u00e1nist\u00e1n<\/p><p>Alb\u00e1nie<\/p><p>Al\u017e\u00edrsko<\/p><p>Andorra<\/p><p>Angola<\/p><p>Antigua a Barbuda<\/p><p>Argentina<\/p><p>Arm\u00e9nie<\/p><p>Austr\u00e1lie<\/p><p>Rakousko<\/p><p>\u00c1zerbajd\u017e\u00e1n<\/p><p>Bahamy<\/p><p>Bahrajn<\/p><p>Banglad\u00e9\u0161<\/p><p>Barbados<\/p><p>B\u011blorusko<\/p><p>Belgie<\/p><p>Belize<\/p><p>Benin<\/p><p>Bh\u00fat\u00e1n<\/p><p>Bol\u00edvie<\/p><p>Bosna a Hercegovina<\/p><p>Botswana<\/p><p>Braz\u00edlie<\/p><p>Brunej<\/p><p>Bulharsko<\/p><p>Burkina Faso<\/p><p>Burundi<\/p><p>Kapverdy<\/p><p>Kambod\u017ea<\/p><p>Kamerun<\/p><p>Kanada<\/p><p>St\u0159edoafrick\u00e1 republika<\/p><p>\u010cad<\/p><p>Chile<\/p><p>\u010c\u00edna<\/p><p>\u010c\u00edna \u2013 Hong Kong<\/p><p>\u010c\u00edna \u2013 Macao<\/p><p>Kolumbie<\/p><p>Komory<\/p><p>Kongo<\/p><p>Kostarika<\/p><p>Pob\u0159e\u017e\u00ed slonoviny<\/p><p>Chorvatsko<\/p><p>Kuba<\/p><p>Kypr<\/p><p>\u010cesk\u00e1 republika<\/p><p>D\u00e1nsko<\/p><p>D\u017eibutsko<\/p><p>Dominika<\/p><p>Dominik\u00e1nsk\u00e1 republika<\/p><p>DR Kongo<\/p><p>Ekv\u00e1dor<\/p><p>Egypt<\/p><p>Spasitel<\/p><p>Rovn\u00edkov\u00e1 Guinea<\/p><p>Eritrea<\/p><p>Estonsko<\/p><p>Swatini<\/p><p>Etiopie<\/p><p>Fid\u017ei<\/p><p>Finsko<\/p><p>Francie<\/p><p>Gabon<\/p><p>Gambie<\/p><p>Gruzie<\/p><p>N\u011bmecko<\/p><p>Ghana<\/p><p>\u0158ecko<\/p><p>Grenada<\/p><p>Guatemala<\/p><p>Guinea<\/p><p>Guinea-Bissau<\/p><p>Guyana<\/p><p>Haiti<\/p><p>Svat\u00fd stolec<\/p><p>Honduras<\/p><p>Ma\u010farsko<\/p><p>Island<\/p><p>Indie<\/p><p>Indon\u00e9sie<\/p><p>\u00cdr\u00e1n<\/p><p>Ir\u00e1k<\/p><p>Irsko<\/p><p>Izrael<\/p><p>It\u00e1lie<\/p><p>Jamaika<\/p><p>Japonsko<\/p><p>Jord\u00e1n<\/p><p>Kazachst\u00e1n<\/p><p>Ke\u0148a<\/p><p>Kiribati<\/p><p>Kuvajt<\/p><p>Kyrgyzst\u00e1n<\/p><p>Laos<\/p><p>Loty\u0161sko<\/p><p>Libanon<\/p><p>Lesotho<\/p><p>Lib\u00e9rie<\/p><p>Libye<\/p><p>Lichten\u0161tejnsko<\/p><p>Litva<\/p><p>Lucembursko<\/p><p>Madagaskar<\/p><p>Malawi<\/p><p>Malajsie<\/p><p>Maledivy<\/p><p>Mali<\/p><p>Malta<\/p><p>Marshallovy ostrovy<\/p><p>Maurit\u00e1nie<\/p><p>Mauricius<\/p><p>Mexiko<\/p><p>Mikron\u00e9sie<\/p><p>Moldavsko<\/p><p>Monako<\/p><p>Mongolsko<\/p><p>\u010cern\u00e1 Hora<\/p><p>Maroko<\/p><p>Mosambik<\/p><p>Myanmar<\/p><p>Namibie<\/p><p>Nauru<\/p><p>Nep\u00e1l<\/p><p>Nizozem\u00ed<\/p><p>Nov\u00fd Z\u00e9land<\/p><p>Nicaragua<\/p><p>Niger<\/p><p>Nig\u00e9rie<\/p><p>Severn\u00ed Korea<\/p><p>Severn\u00ed Makedonie<\/p><p>Norsko<\/p><p>Om\u00e1n<\/p><p>P\u00e1kist\u00e1n<\/p><p>Palau<\/p><p>Panama<\/p><p>Papua-Nov\u00e1 Guinea<\/p><p>Paraguay<\/p><p>Peru<\/p><p>Filip\u00edny<\/p><p>Polsko<\/p><p>Portugalsko<\/p><p>Katar<\/p><p>Rumunsko<\/p><p>Rusko<\/p><p>Rwanda<\/p><p>Svat\u00fd Kry\u0161tof a Nevis<\/p><p>Svat\u00e1 Lucie<\/p><p>Samoa<\/p><p>San Marino<\/p><p>Svat\u00fd Tom\u00e1\u0161 a princ<\/p><p>Saudsk\u00e1 ar\u00e1bie<\/p><p>Senegal<\/p><p>Srbsko<\/p><p>Seychely<\/p><p>Sierra Leone<\/p><p>Singapur<\/p><p>Slovensko<\/p><p>Slovinsko<\/p><p>Solomonovy ostrovy<\/p><p>Som\u00e1lsko<\/p><p>Ji\u017en\u00ed Afrika<\/p><p>Ji\u017en\u00ed Korea<\/p><p>ji\u017en\u00ed S\u00fad\u00e1n<\/p><p>\u0160pan\u011blsko<\/p><p>Sr\u00ed Lanka<\/p><p>St. Louis Vincent a Grenadiny<\/p><p>st\u00e1t Palestina<\/p><p>S\u00fad\u00e1n<\/p><p>Surinam<\/p><p>\u0160v\u00e9dsko<\/p><p>\u0160v\u00fdcarsko<\/p><p>S\u00fdrie<\/p><p>T\u00e1d\u017eikist\u00e1n<\/p><p>Tanzanie<\/p><p>Thajsko<\/p><p>V\u00fdchodn\u00ed Timor<\/p><p>J\u00edt<\/p><p>Tonga<\/p><p>Trinidad a Tobago<\/p><p>Tunisko<\/p><p>T\u00fcrkiye<\/p><p>Turkmenist\u00e1n<\/p><p>Tuvalu<\/p><p>Uganda<\/p><p>Ukrajina<\/p><p>Spojen\u00e9 arabsk\u00e9 emir\u00e1ty<\/p><p>Spojen\u00e9 kr\u00e1lovstv\u00ed<\/p><p>Spojen\u00e9 st\u00e1ty<\/p><p>Uruguay<\/p><p>Uzbekist\u00e1n<\/p><p>Vanuatu<\/p><p>Venezuela<\/p><p>Vietnam<\/p><p>Jemen<\/p><p>Zambie<\/p><p>Zimbabwe<\/p><div>\u00a0<\/div>\t\t\t\t\t\t<\/div>\n\t\t\t\t<\/div>\n\t\t\t\t\t<\/div>\n\t\t\t\t<\/div>\n\t\t\t\t<\/div>","protected":false},"excerpt":{"rendered":"<p>Enter your Country Afghanistan Albania Algeria Andorra Angola Antigua and Barbuda Argentina Armenia Australia Austria Azerbaijan Bahamas Bahrain Bangladesh Barbados Belarus Belgium Belize Benin Bhutan Bolivia Bosnia and Herzegovina Botswana Brazil Brunei Bulgaria Burkina Faso Burundi Cabo Verde Cambodia Cameroon Canada Central African Republic Chad Chile China Mainland China-Hong Kong China-Macau Colombia Comoros Congo Costa&hellip; <a class=\"more-link\" href=\"https:\/\/www.heinzelmannpro.com\/cz\/country-list\/\">Pokra\u010dovat ve\u00a0\u010dten\u00ed <span class=\"screen-reader-text\">COUNTRY LIST<\/span><\/a><\/p>","protected":false},"author":1,"featured_media":0,"parent":0,"menu_order":0,"comment_status":"closed","ping_status":"closed","template":"","meta":{"nf_dc_page":"","om_disable_all_campaigns":false,"_monsterinsights_skip_tracking":false,"_monsterinsights_sitenote_active":false,"_monsterinsights_sitenote_note":"","_monsterinsights_sitenote_category":0,"_uf_show_specific_survey":0,"_uf_disable_surveys":false,"footnotes":""},"yoast_head":"<!-- This site is optimized with the Yoast SEO Premium plugin v21.9 (Yoast SEO v22.7) - https:\/\/yoast.com\/wordpress\/plugins\/seo\/ -->\n<title>COUNTRY LIST - Heinzelmann<\/title>\n<meta name=\"robots\" content=\"index, follow, max-snippet:-1, max-image-preview:large, max-video-preview:-1\" \/>\n<link rel=\"canonical\" href=\"https:\/\/www.heinzelmannpro.com\/cz\/country-list\/\" \/>\n<meta property=\"og:locale\" content=\"cs_CZ\" \/>\n<meta property=\"og:type\" content=\"article\" \/>\n<meta property=\"og:title\" content=\"COUNTRY LIST\" \/>\n<meta property=\"og:description\" content=\"Enter your Country Afghanistan Albania Algeria Andorra Angola Antigua and Barbuda Argentina Armenia Australia Austria Azerbaijan Bahamas Bahrain Bangladesh Barbados Belarus Belgium Belize Benin Bhutan Bolivia Bosnia and Herzegovina Botswana Brazil Brunei Bulgaria Burkina Faso Burundi Cabo Verde Cambodia Cameroon Canada Central African Republic Chad Chile China Mainland China-Hong Kong China-Macau Colombia Comoros Congo Costa&hellip; Pokra\u010dovat ve\u00a0\u010dten\u00ed COUNTRY LIST\" \/>\n<meta property=\"og:url\" content=\"https:\/\/www.heinzelmannpro.com\/cz\/country-list\/\" \/>\n<meta property=\"og:site_name\" content=\"Heinzelmann\" \/>\n<meta property=\"article:publisher\" content=\"https:\/\/www.facebook.com\/heinzelmannpro\" \/>\n<meta property=\"article:modified_time\" content=\"2023-12-19T02:03:58+00:00\" \/>\n<meta name=\"twitter:card\" content=\"summary_large_image\" \/>\n<meta name=\"twitter:label1\" content=\"Odhadovan\u00e1 doba \u010dten\u00ed\" \/>\n\t<meta name=\"twitter:data1\" content=\"2 minuty\" \/>\n<script type=\"application\/ld+json\" class=\"yoast-schema-graph\">{\"@context\":\"https:\/\/schema.org\",\"@graph\":[{\"@type\":\"WebPage\",\"@id\":\"https:\/\/www.heinzelmannpro.com\/de\/country-list\/\",\"url\":\"https:\/\/www.heinzelmannpro.com\/de\/country-list\/\",\"name\":\"COUNTRY LIST - Heinzelmann\",\"isPartOf\":{\"@id\":\"https:\/\/www.heinzelmannpro.com\/gr\/#website\"},\"datePublished\":\"2023-12-18T14:27:58+00:00\",\"dateModified\":\"2023-12-19T02:03:58+00:00\",\"breadcrumb\":{\"@id\":\"https:\/\/www.heinzelmannpro.com\/de\/country-list\/#breadcrumb\"},\"inLanguage\":\"cs\",\"potentialAction\":[{\"@type\":\"ReadAction\",\"target\":[\"https:\/\/www.heinzelmannpro.com\/de\/country-list\/\"]}]},{\"@type\":\"BreadcrumbList\",\"@id\":\"https:\/\/www.heinzelmannpro.com\/de\/country-list\/#breadcrumb\",\"itemListElement\":[{\"@type\":\"ListItem\",\"position\":1,\"name\":\"Home\",\"item\":\"https:\/\/www.heinzelmannpro.com\/\"},{\"@type\":\"ListItem\",\"position\":2,\"name\":\"COUNTRY LIST\"}]},{\"@type\":\"WebSite\",\"@id\":\"https:\/\/www.heinzelmannpro.com\/gr\/#website\",\"url\":\"https:\/\/www.heinzelmannpro.com\/gr\/\",\"name\":\"Heinzelmann\",\"description\":\"\",\"publisher\":{\"@id\":\"https:\/\/www.heinzelmannpro.com\/gr\/#organization\"},\"potentialAction\":[{\"@type\":\"SearchAction\",\"target\":{\"@type\":\"EntryPoint\",\"urlTemplate\":\"https:\/\/www.heinzelmannpro.com\/gr\/?s={search_term_string}\"},\"query-input\":\"required name=search_term_string\"}],\"inLanguage\":\"cs\"},{\"@type\":\"Organization\",\"@id\":\"https:\/\/www.heinzelmannpro.com\/gr\/#organization\",\"name\":\"Heinzelmann\",\"url\":\"https:\/\/www.heinzelmannpro.com\/gr\/\",\"logo\":{\"@type\":\"ImageObject\",\"inLanguage\":\"cs\",\"@id\":\"https:\/\/www.heinzelmannpro.com\/gr\/#\/schema\/logo\/image\/\",\"url\":\"https:\/\/www.heinzelmannpro.com\/wp-content\/uploads\/2023\/10\/HM-Logo3-white.svg\",\"contentUrl\":\"https:\/\/www.heinzelmannpro.com\/wp-content\/uploads\/2023\/10\/HM-Logo3-white.svg\",\"width\":300,\"height\":43,\"caption\":\"Heinzelmann\"},\"image\":{\"@id\":\"https:\/\/www.heinzelmannpro.com\/gr\/#\/schema\/logo\/image\/\"},\"sameAs\":[\"https:\/\/www.facebook.com\/heinzelmannpro\",\"https:\/\/www.instagram.com\/heinzelmann_pro\/\",\"https:\/\/hk.linkedin.com\/showcase\/heinzelmann-pro\/\",\"https:\/\/www.youtube.com\/@heinzelmannde8106\"]}]}<\/script>\n<!-- \/ Yoast SEO Premium plugin. -->","yoast_head_json":{"title":"COUNTRY LIST - Heinzelmann","robots":{"index":"index","follow":"follow","max-snippet":"max-snippet:-1","max-image-preview":"max-image-preview:large","max-video-preview":"max-video-preview:-1"},"canonical":"https:\/\/www.heinzelmannpro.com\/cz\/country-list\/","og_locale":"cs_CZ","og_type":"article","og_title":"COUNTRY LIST","og_description":"Enter your Country Afghanistan Albania Algeria Andorra Angola Antigua and Barbuda Argentina Armenia Australia Austria Azerbaijan Bahamas Bahrain Bangladesh Barbados Belarus Belgium Belize Benin Bhutan Bolivia Bosnia and Herzegovina Botswana Brazil Brunei Bulgaria Burkina Faso Burundi Cabo Verde Cambodia Cameroon Canada Central African Republic Chad Chile China Mainland China-Hong Kong China-Macau Colombia Comoros Congo Costa&hellip; Pokra\u010dovat ve\u00a0\u010dten\u00ed COUNTRY LIST","og_url":"https:\/\/www.heinzelmannpro.com\/cz\/country-list\/","og_site_name":"Heinzelmann","article_publisher":"https:\/\/www.facebook.com\/heinzelmannpro","article_modified_time":"2023-12-19T02:03:58+00:00","twitter_card":"summary_large_image","twitter_misc":{"Odhadovan\u00e1 doba \u010dten\u00ed":"2 minuty"},"schema":{"@context":"https:\/\/schema.org","@graph":[{"@type":"WebPage","@id":"https:\/\/www.heinzelmannpro.com\/de\/country-list\/","url":"https:\/\/www.heinzelmannpro.com\/de\/country-list\/","name":"COUNTRY LIST - Heinzelmann","isPartOf":{"@id":"https:\/\/www.heinzelmannpro.com\/gr\/#website"},"datePublished":"2023-12-18T14:27:58+00:00","dateModified":"2023-12-19T02:03:58+00:00","breadcrumb":{"@id":"https:\/\/www.heinzelmannpro.com\/de\/country-list\/#breadcrumb"},"inLanguage":"cs","potentialAction":[{"@type":"ReadAction","target":["https:\/\/www.heinzelmannpro.com\/de\/country-list\/"]}]},{"@type":"BreadcrumbList","@id":"https:\/\/www.heinzelmannpro.com\/de\/country-list\/#breadcrumb","itemListElement":[{"@type":"ListItem","position":1,"name":"Home","item":"https:\/\/www.heinzelmannpro.com\/"},{"@type":"ListItem","position":2,"name":"COUNTRY LIST"}]},{"@type":"WebSite","@id":"https:\/\/www.heinzelmannpro.com\/gr\/#website","url":"https:\/\/www.heinzelmannpro.com\/gr\/","name":"Heinzelmann","description":"","publisher":{"@id":"https:\/\/www.heinzelmannpro.com\/gr\/#organization"},"potentialAction":[{"@type":"SearchAction","target":{"@type":"EntryPoint","urlTemplate":"https:\/\/www.heinzelmannpro.com\/gr\/?s={search_term_string}"},"query-input":"required name=search_term_string"}],"inLanguage":"cs"},{"@type":"Organization","@id":"https:\/\/www.heinzelmannpro.com\/gr\/#organization","name":"Heinzelmann","url":"https:\/\/www.heinzelmannpro.com\/gr\/","logo":{"@type":"ImageObject","inLanguage":"cs","@id":"https:\/\/www.heinzelmannpro.com\/gr\/#\/schema\/logo\/image\/","url":"https:\/\/www.heinzelmannpro.com\/wp-content\/uploads\/2023\/10\/HM-Logo3-white.svg","contentUrl":"https:\/\/www.heinzelmannpro.com\/wp-content\/uploads\/2023\/10\/HM-Logo3-white.svg","width":300,"height":43,"caption":"Heinzelmann"},"image":{"@id":"https:\/\/www.heinzelmannpro.com\/gr\/#\/schema\/logo\/image\/"},"sameAs":["https:\/\/www.facebook.com\/heinzelmannpro","https:\/\/www.instagram.com\/heinzelmann_pro\/","https:\/\/hk.linkedin.com\/showcase\/heinzelmann-pro\/","https:\/\/www.youtube.com\/@heinzelmannde8106"]}]}},"_links":{"self":[{"href":"https:\/\/www.heinzelmannpro.com\/cz\/wp-json\/wp\/v2\/pages\/4980"}],"collection":[{"href":"https:\/\/www.heinzelmannpro.com\/cz\/wp-json\/wp\/v2\/pages"}],"about":[{"href":"https:\/\/www.heinzelmannpro.com\/cz\/wp-json\/wp\/v2\/types\/page"}],"author":[{"embeddable":true,"href":"https:\/\/www.heinzelmannpro.com\/cz\/wp-json\/wp\/v2\/users\/1"}],"replies":[{"embeddable":true,"href":"https:\/\/www.heinzelmannpro.com\/cz\/wp-json\/wp\/v2\/comments?post=4980"}],"version-history":[{"count":5,"href":"https:\/\/www.heinzelmannpro.com\/cz\/wp-json\/wp\/v2\/pages\/4980\/revisions"}],"predecessor-version":[{"id":5002,"href":"https:\/\/www.heinzelmannpro.com\/cz\/wp-json\/wp\/v2\/pages\/4980\/revisions\/5002"}],"wp:attachment":[{"href":"https:\/\/www.heinzelmannpro.com\/cz\/wp-json\/wp\/v2\/media?parent=4980"}],"curies":[{"name":"wp","href":"https:\/\/api.w.org\/{rel}","templated":true}]}}