{"id":11419,"date":"2026-02-20T15:40:38","date_gmt":"2026-02-20T15:40:38","guid":{"rendered":"https:\/\/www.heinzelmannpro.com\/?page_id=11419"},"modified":"2026-02-20T15:41:09","modified_gmt":"2026-02-20T15:41:09","slug":"where-to-buy-hungary","status":"publish","type":"page","link":"https:\/\/www.heinzelmannpro.com\/cz\/where-to-buy-hungary\/","title":{"rendered":"Where-to-Buy-Hungary"},"content":{"rendered":"<div data-elementor-type=\"wp-page\" data-elementor-id=\"11419\" class=\"elementor elementor-11419\" data-elementor-post-type=\"page\">\n\t\t\t\t<div class=\"elementor-element elementor-element-7a662cfd e-flex e-con-boxed e-con e-parent\" data-id=\"7a662cfd\" data-element_type=\"container\" data-settings=\"{&quot;content_width&quot;:&quot;boxed&quot;}\" data-core-v316-plus=\"true\">\n\t\t\t\t\t<div class=\"e-con-inner\">\n\t\t\t\t<div class=\"elementor-element elementor-element-69fe021e elementor-widget elementor-widget-heading\" data-id=\"69fe021e\" data-element_type=\"widget\" data-widget_type=\"heading.default\">\n\t\t\t\t<div class=\"elementor-widget-container\">\n\t\t\t<style>\/*! elementor - v3.19.0 - 26-02-2024 *\/\n.elementor-heading-title{padding:0;margin:0;line-height:1}.elementor-widget-heading .elementor-heading-title[class*=elementor-size-]>a{color:inherit;font-size:inherit;line-height:inherit}.elementor-widget-heading .elementor-heading-title.elementor-size-small{font-size:15px}.elementor-widget-heading .elementor-heading-title.elementor-size-medium{font-size:19px}.elementor-widget-heading .elementor-heading-title.elementor-size-large{font-size:29px}.elementor-widget-heading .elementor-heading-title.elementor-size-xl{font-size:39px}.elementor-widget-heading .elementor-heading-title.elementor-size-xxl{font-size:59px}<\/style><h2 class=\"elementor-heading-title elementor-size-default\">Kde koupit<\/h2>\t\t<\/div>\n\t\t\t\t<\/div>\n\t\t\t\t<div class=\"elementor-element elementor-element-797144ea elementor-widget elementor-widget-heading\" data-id=\"797144ea\" data-element_type=\"widget\" data-widget_type=\"heading.default\">\n\t\t\t\t<div class=\"elementor-widget-container\">\n\t\t\t<h2 class=\"elementor-heading-title elementor-size-default\">Ma\u010farsko<\/h2>\t\t<\/div>\n\t\t\t\t<\/div>\n\t\t\t\t<div class=\"elementor-element elementor-element-287d8349 elementor-align-center elementor-widget elementor-widget-button\" data-id=\"287d8349\" data-element_type=\"widget\" data-widget_type=\"button.default\">\n\t\t\t\t<div class=\"elementor-widget-container\">\n\t\t\t\t\t<div class=\"elementor-button-wrapper\">\n\t\t\t<a class=\"elementor-button elementor-button-link elementor-size-sm\" href=\"https:\/\/www.heinzelmannpro.com\/where-to-buy\/\">\n\t\t\t\t\t\t<span class=\"elementor-button-content-wrapper\">\n\t\t\t\t\t\t<span class=\"elementor-button-text\">ZP\u011aT NA STR\u00c1NKU DISTRIBUTOR\u016e<\/span>\n\t\t<\/span>\n\t\t\t\t\t<\/a>\n\t\t<\/div>\n\t\t\t\t<\/div>\n\t\t\t\t<\/div>\n\t\t\t\t\t<\/div>\n\t\t\t\t<\/div>\n\t\t<div class=\"elementor-element elementor-element-1bb56ca0 e-flex e-con-boxed e-con e-parent\" data-id=\"1bb56ca0\" data-element_type=\"container\" data-settings=\"{&quot;content_width&quot;:&quot;boxed&quot;}\" data-core-v316-plus=\"true\">\n\t\t\t\t\t<div class=\"e-con-inner\">\n\t\t<div class=\"elementor-element elementor-element-b084807 e-flex e-con-boxed e-con e-child\" data-id=\"b084807\" data-element_type=\"container\" data-settings=\"{&quot;content_width&quot;:&quot;boxed&quot;}\">\n\t\t\t\t\t<div class=\"e-con-inner\">\n\t\t\t\t<div class=\"elementor-element elementor-element-75ec38c elementor-widget elementor-widget-image\" data-id=\"75ec38c\" data-element_type=\"widget\" data-widget_type=\"image.default\">\n\t\t\t\t<div class=\"elementor-widget-container\">\n\t\t\t<style>\/*! elementor - v3.19.0 - 26-02-2024 *\/\n.elementor-widget-image{text-align:center}.elementor-widget-image a{display:inline-block}.elementor-widget-image a img[src$=\".svg\"]{width:48px}.elementor-widget-image img{vertical-align:middle;display:inline-block}<\/style>\t\t\t\t\t\t\t\t\t\t<img decoding=\"async\" width=\"300\" height=\"56\" src=\"https:\/\/www.heinzelmannpro.com\/wp-content\/uploads\/2024\/11\/HM-logo-full-grey-300x56.png\" class=\"attachment-medium size-medium wp-image-9179\" alt=\"\" srcset=\"https:\/\/www.heinzelmannpro.com\/wp-content\/uploads\/2024\/11\/HM-logo-full-grey-300x56.png 300w, https:\/\/www.heinzelmannpro.com\/wp-content\/uploads\/2024\/11\/HM-logo-full-grey-1024x191.png 1024w, https:\/\/www.heinzelmannpro.com\/wp-content\/uploads\/2024\/11\/HM-logo-full-grey-768x143.png 768w, https:\/\/www.heinzelmannpro.com\/wp-content\/uploads\/2024\/11\/HM-logo-full-grey-18x3.png 18w, https:\/\/www.heinzelmannpro.com\/wp-content\/uploads\/2024\/11\/HM-logo-full-grey.png 1527w\" sizes=\"(max-width: 300px) 100vw, 300px\" style=\"width:100%;height:18.66%;max-width:1527px\" \/>\t\t\t\t\t\t\t\t\t\t\t\t\t<\/div>\n\t\t\t\t<\/div>\n\t\t\t\t<div class=\"elementor-element elementor-element-0df72b1 elementor-widget elementor-widget-text-editor\" data-id=\"0df72b1\" data-element_type=\"widget\" data-widget_type=\"text-editor.default\">\n\t\t\t\t<div class=\"elementor-widget-container\">\n\t\t\t<style>\/*! elementor - v3.19.0 - 26-02-2024 *\/\n.elementor-widget-text-editor.elementor-drop-cap-view-stacked .elementor-drop-cap{background-color:#69727d;color:#fff}.elementor-widget-text-editor.elementor-drop-cap-view-framed .elementor-drop-cap{color:#69727d;border:3px solid;background-color:transparent}.elementor-widget-text-editor:not(.elementor-drop-cap-view-default) .elementor-drop-cap{margin-top:8px}.elementor-widget-text-editor:not(.elementor-drop-cap-view-default) .elementor-drop-cap-letter{width:1em;height:1em}.elementor-widget-text-editor .elementor-drop-cap{float:left;text-align:center;line-height:1;font-size:50px}.elementor-widget-text-editor .elementor-drop-cap-letter{display:inline-block}<\/style>\t\t\t\t<p>Please contact Mr <strong>Eike-Christian Hofschroeer<\/strong> if you have any enquiry regarding to Sales \/ Distribution <\/p><ul><li><a class=\"clink\" href=\"mailto:eike.hofschroeer@heinzelmannpro.com\">eike.hofschroeer@heinzelmannpro.com<\/a><\/li><\/ul>\t\t\t\t\t\t<\/div>\n\t\t\t\t<\/div>\n\t\t\t\t\t<\/div>\n\t\t\t\t<\/div>\n\t\t\t\t\t<\/div>\n\t\t\t\t<\/div>\n\t\t\t\t<\/div>","protected":false},"excerpt":{"rendered":"<p>Where to Buy Hungary BACK TO &#8220;WHERE TO BUY&#8221; PAGE Please contact Mr Eike-Christian Hofschroeer if you have any enquiry regarding to Sales \/ Distribution eike.hofschroeer@heinzelmannpro.com<\/p>","protected":false},"author":1,"featured_media":0,"parent":0,"menu_order":0,"comment_status":"closed","ping_status":"closed","template":"elementor_header_footer","meta":{"nf_dc_page":"","om_disable_all_campaigns":false,"_monsterinsights_skip_tracking":false,"_monsterinsights_sitenote_active":false,"_monsterinsights_sitenote_note":"","_monsterinsights_sitenote_category":0,"_uf_show_specific_survey":0,"_uf_disable_surveys":false,"footnotes":""},"yoast_head":"<!-- This site is optimized with the Yoast SEO Premium plugin v21.9 (Yoast SEO v22.7) - https:\/\/yoast.com\/wordpress\/plugins\/seo\/ -->\n<title>Where-to-Buy-Hungary - Heinzelmann<\/title>\n<meta name=\"robots\" content=\"index, follow, max-snippet:-1, max-image-preview:large, max-video-preview:-1\" \/>\n<link rel=\"canonical\" href=\"https:\/\/www.heinzelmannpro.com\/cz\/where-to-buy-hungary\/\" \/>\n<meta property=\"og:locale\" content=\"cs_CZ\" \/>\n<meta property=\"og:type\" content=\"article\" \/>\n<meta property=\"og:title\" content=\"Where-to-Buy-Hungary\" \/>\n<meta property=\"og:description\" content=\"Where to Buy Hungary BACK TO &#8220;WHERE TO BUY&#8221; PAGE Please contact Mr Eike-Christian Hofschroeer if you have any enquiry regarding to Sales \/ Distribution eike.hofschroeer@heinzelmannpro.com\" \/>\n<meta property=\"og:url\" content=\"https:\/\/www.heinzelmannpro.com\/cz\/where-to-buy-hungary\/\" \/>\n<meta property=\"og:site_name\" content=\"Heinzelmann\" \/>\n<meta property=\"article:publisher\" content=\"https:\/\/www.facebook.com\/heinzelmannpro\" \/>\n<meta property=\"article:modified_time\" content=\"2026-02-20T15:41:09+00:00\" \/>\n<meta property=\"og:image\" content=\"https:\/\/www.heinzelmannpro.com\/wp-content\/uploads\/2024\/11\/HM-logo-full-grey-300x56.png\" \/>\n<meta name=\"twitter:card\" content=\"summary_large_image\" \/>\n<meta name=\"twitter:label1\" content=\"Odhadovan\u00e1 doba \u010dten\u00ed\" \/>\n\t<meta name=\"twitter:data1\" content=\"1 minuta\" \/>\n<script type=\"application\/ld+json\" class=\"yoast-schema-graph\">{\"@context\":\"https:\/\/schema.org\",\"@graph\":[{\"@type\":\"WebPage\",\"@id\":\"https:\/\/www.heinzelmannpro.com\/where-to-buy-hungary\/\",\"url\":\"https:\/\/www.heinzelmannpro.com\/where-to-buy-hungary\/\",\"name\":\"Where-to-Buy-Hungary - Heinzelmann\",\"isPartOf\":{\"@id\":\"https:\/\/www.heinzelmannpro.com\/gr\/#website\"},\"primaryImageOfPage\":{\"@id\":\"https:\/\/www.heinzelmannpro.com\/where-to-buy-hungary\/#primaryimage\"},\"image\":{\"@id\":\"https:\/\/www.heinzelmannpro.com\/where-to-buy-hungary\/#primaryimage\"},\"thumbnailUrl\":\"https:\/\/www.heinzelmannpro.com\/wp-content\/uploads\/2024\/11\/HM-logo-full-grey-300x56.png\",\"datePublished\":\"2026-02-20T15:40:38+00:00\",\"dateModified\":\"2026-02-20T15:41:09+00:00\",\"breadcrumb\":{\"@id\":\"https:\/\/www.heinzelmannpro.com\/where-to-buy-hungary\/#breadcrumb\"},\"inLanguage\":\"cs\",\"potentialAction\":[{\"@type\":\"ReadAction\",\"target\":[\"https:\/\/www.heinzelmannpro.com\/where-to-buy-hungary\/\"]}]},{\"@type\":\"ImageObject\",\"inLanguage\":\"cs\",\"@id\":\"https:\/\/www.heinzelmannpro.com\/where-to-buy-hungary\/#primaryimage\",\"url\":\"https:\/\/www.heinzelmannpro.com\/wp-content\/uploads\/2024\/11\/HM-logo-full-grey-300x56.png\",\"contentUrl\":\"https:\/\/www.heinzelmannpro.com\/wp-content\/uploads\/2024\/11\/HM-logo-full-grey-300x56.png\"},{\"@type\":\"BreadcrumbList\",\"@id\":\"https:\/\/www.heinzelmannpro.com\/where-to-buy-hungary\/#breadcrumb\",\"itemListElement\":[{\"@type\":\"ListItem\",\"position\":1,\"name\":\"Home\",\"item\":\"https:\/\/www.heinzelmannpro.com\/\"},{\"@type\":\"ListItem\",\"position\":2,\"name\":\"Where-to-Buy-Hungary\"}]},{\"@type\":\"WebSite\",\"@id\":\"https:\/\/www.heinzelmannpro.com\/gr\/#website\",\"url\":\"https:\/\/www.heinzelmannpro.com\/gr\/\",\"name\":\"Heinzelmann\",\"description\":\"\",\"publisher\":{\"@id\":\"https:\/\/www.heinzelmannpro.com\/gr\/#organization\"},\"potentialAction\":[{\"@type\":\"SearchAction\",\"target\":{\"@type\":\"EntryPoint\",\"urlTemplate\":\"https:\/\/www.heinzelmannpro.com\/gr\/?s={search_term_string}\"},\"query-input\":\"required name=search_term_string\"}],\"inLanguage\":\"cs\"},{\"@type\":\"Organization\",\"@id\":\"https:\/\/www.heinzelmannpro.com\/gr\/#organization\",\"name\":\"Heinzelmann\",\"url\":\"https:\/\/www.heinzelmannpro.com\/gr\/\",\"logo\":{\"@type\":\"ImageObject\",\"inLanguage\":\"cs\",\"@id\":\"https:\/\/www.heinzelmannpro.com\/gr\/#\/schema\/logo\/image\/\",\"url\":\"https:\/\/www.heinzelmannpro.com\/wp-content\/uploads\/2023\/10\/HM-Logo3-white.svg\",\"contentUrl\":\"https:\/\/www.heinzelmannpro.com\/wp-content\/uploads\/2023\/10\/HM-Logo3-white.svg\",\"width\":300,\"height\":43,\"caption\":\"Heinzelmann\"},\"image\":{\"@id\":\"https:\/\/www.heinzelmannpro.com\/gr\/#\/schema\/logo\/image\/\"},\"sameAs\":[\"https:\/\/www.facebook.com\/heinzelmannpro\",\"https:\/\/www.instagram.com\/heinzelmann_pro\/\",\"https:\/\/hk.linkedin.com\/showcase\/heinzelmann-pro\/\",\"https:\/\/www.youtube.com\/@heinzelmannde8106\"]}]}<\/script>\n<!-- \/ Yoast SEO Premium plugin. -->","yoast_head_json":{"title":"Where-to-Buy-Hungary - Heinzelmann","robots":{"index":"index","follow":"follow","max-snippet":"max-snippet:-1","max-image-preview":"max-image-preview:large","max-video-preview":"max-video-preview:-1"},"canonical":"https:\/\/www.heinzelmannpro.com\/cz\/where-to-buy-hungary\/","og_locale":"cs_CZ","og_type":"article","og_title":"Where-to-Buy-Hungary","og_description":"Where to Buy Hungary BACK TO &#8220;WHERE TO BUY&#8221; PAGE Please contact Mr Eike-Christian Hofschroeer if you have any enquiry regarding to Sales \/ Distribution eike.hofschroeer@heinzelmannpro.com","og_url":"https:\/\/www.heinzelmannpro.com\/cz\/where-to-buy-hungary\/","og_site_name":"Heinzelmann","article_publisher":"https:\/\/www.facebook.com\/heinzelmannpro","article_modified_time":"2026-02-20T15:41:09+00:00","og_image":[{"url":"https:\/\/www.heinzelmannpro.com\/wp-content\/uploads\/2024\/11\/HM-logo-full-grey-300x56.png"}],"twitter_card":"summary_large_image","twitter_misc":{"Odhadovan\u00e1 doba \u010dten\u00ed":"1 minuta"},"schema":{"@context":"https:\/\/schema.org","@graph":[{"@type":"WebPage","@id":"https:\/\/www.heinzelmannpro.com\/where-to-buy-hungary\/","url":"https:\/\/www.heinzelmannpro.com\/where-to-buy-hungary\/","name":"Where-to-Buy-Hungary - Heinzelmann","isPartOf":{"@id":"https:\/\/www.heinzelmannpro.com\/gr\/#website"},"primaryImageOfPage":{"@id":"https:\/\/www.heinzelmannpro.com\/where-to-buy-hungary\/#primaryimage"},"image":{"@id":"https:\/\/www.heinzelmannpro.com\/where-to-buy-hungary\/#primaryimage"},"thumbnailUrl":"https:\/\/www.heinzelmannpro.com\/wp-content\/uploads\/2024\/11\/HM-logo-full-grey-300x56.png","datePublished":"2026-02-20T15:40:38+00:00","dateModified":"2026-02-20T15:41:09+00:00","breadcrumb":{"@id":"https:\/\/www.heinzelmannpro.com\/where-to-buy-hungary\/#breadcrumb"},"inLanguage":"cs","potentialAction":[{"@type":"ReadAction","target":["https:\/\/www.heinzelmannpro.com\/where-to-buy-hungary\/"]}]},{"@type":"ImageObject","inLanguage":"cs","@id":"https:\/\/www.heinzelmannpro.com\/where-to-buy-hungary\/#primaryimage","url":"https:\/\/www.heinzelmannpro.com\/wp-content\/uploads\/2024\/11\/HM-logo-full-grey-300x56.png","contentUrl":"https:\/\/www.heinzelmannpro.com\/wp-content\/uploads\/2024\/11\/HM-logo-full-grey-300x56.png"},{"@type":"BreadcrumbList","@id":"https:\/\/www.heinzelmannpro.com\/where-to-buy-hungary\/#breadcrumb","itemListElement":[{"@type":"ListItem","position":1,"name":"Home","item":"https:\/\/www.heinzelmannpro.com\/"},{"@type":"ListItem","position":2,"name":"Where-to-Buy-Hungary"}]},{"@type":"WebSite","@id":"https:\/\/www.heinzelmannpro.com\/gr\/#website","url":"https:\/\/www.heinzelmannpro.com\/gr\/","name":"Heinzelmann","description":"","publisher":{"@id":"https:\/\/www.heinzelmannpro.com\/gr\/#organization"},"potentialAction":[{"@type":"SearchAction","target":{"@type":"EntryPoint","urlTemplate":"https:\/\/www.heinzelmannpro.com\/gr\/?s={search_term_string}"},"query-input":"required name=search_term_string"}],"inLanguage":"cs"},{"@type":"Organization","@id":"https:\/\/www.heinzelmannpro.com\/gr\/#organization","name":"Heinzelmann","url":"https:\/\/www.heinzelmannpro.com\/gr\/","logo":{"@type":"ImageObject","inLanguage":"cs","@id":"https:\/\/www.heinzelmannpro.com\/gr\/#\/schema\/logo\/image\/","url":"https:\/\/www.heinzelmannpro.com\/wp-content\/uploads\/2023\/10\/HM-Logo3-white.svg","contentUrl":"https:\/\/www.heinzelmannpro.com\/wp-content\/uploads\/2023\/10\/HM-Logo3-white.svg","width":300,"height":43,"caption":"Heinzelmann"},"image":{"@id":"https:\/\/www.heinzelmannpro.com\/gr\/#\/schema\/logo\/image\/"},"sameAs":["https:\/\/www.facebook.com\/heinzelmannpro","https:\/\/www.instagram.com\/heinzelmann_pro\/","https:\/\/hk.linkedin.com\/showcase\/heinzelmann-pro\/","https:\/\/www.youtube.com\/@heinzelmannde8106"]}]}},"_links":{"self":[{"href":"https:\/\/www.heinzelmannpro.com\/cz\/wp-json\/wp\/v2\/pages\/11419"}],"collection":[{"href":"https:\/\/www.heinzelmannpro.com\/cz\/wp-json\/wp\/v2\/pages"}],"about":[{"href":"https:\/\/www.heinzelmannpro.com\/cz\/wp-json\/wp\/v2\/types\/page"}],"author":[{"embeddable":true,"href":"https:\/\/www.heinzelmannpro.com\/cz\/wp-json\/wp\/v2\/users\/1"}],"replies":[{"embeddable":true,"href":"https:\/\/www.heinzelmannpro.com\/cz\/wp-json\/wp\/v2\/comments?post=11419"}],"version-history":[{"count":4,"href":"https:\/\/www.heinzelmannpro.com\/cz\/wp-json\/wp\/v2\/pages\/11419\/revisions"}],"predecessor-version":[{"id":11439,"href":"https:\/\/www.heinzelmannpro.com\/cz\/wp-json\/wp\/v2\/pages\/11419\/revisions\/11439"}],"wp:attachment":[{"href":"https:\/\/www.heinzelmannpro.com\/cz\/wp-json\/wp\/v2\/media?parent=11419"}],"curies":[{"name":"wp","href":"https:\/\/api.w.org\/{rel}","templated":true}]}}